{"id":1016,"date":"2026-02-09T08:14:57","date_gmt":"2026-02-09T07:14:57","guid":{"rendered":"https:\/\/fastgrow.pl\/h4ppa\/?page_id=1016"},"modified":"2026-02-10T10:41:18","modified_gmt":"2026-02-10T09:41:18","slug":"happa-to-mame-warszawa","status":"publish","type":"page","link":"https:\/\/fastgrow.pl\/h4ppa\/happa-to-mame-warszawa\/","title":{"rendered":"Happa to mame &#8211; Warszawa"},"content":{"rendered":"\t\t<div data-elementor-type=\"wp-page\" data-elementor-id=\"1016\" class=\"elementor elementor-1016\" data-elementor-post-type=\"page\">\n\t\t\t\t<div class=\"elementor-element elementor-element-b0da6ff e-flex e-con-boxed e-con e-parent\" data-id=\"b0da6ff\" data-element_type=\"container\">\n\t\t\t\t\t<div class=\"e-con-inner\">\n\t\t\t\t<div class=\"elementor-element elementor-element-2a49503 elementor-widget__width-auto happa-intro elementor-widget elementor-widget-heading\" data-id=\"2a49503\" data-element_type=\"widget\" data-widget_type=\"heading.default\">\n\t\t\t\t\t<h2 class=\"elementor-heading-title elementor-size-default\">Happa to mame - Warszawa<\/h2>\t\t\t\t<\/div>\n\t\t<div class=\"elementor-element elementor-element-6bf72f2 e-con-full e-flex e-con e-child\" data-id=\"6bf72f2\" data-element_type=\"container\">\n\t\t\t\t<div class=\"elementor-element elementor-element-7123ba5 elementor-widget elementor-widget-text-editor\" data-id=\"7123ba5\" data-element_type=\"widget\" data-widget_type=\"text-editor.default\">\n\t\t\t\t\t\t\t\t\t<p>Kilka lat po otwarciu pozna\u0144skiej herbaciarni, kiedy poczuli\u015bmy, \u017ce happa to mame na sta\u0142e przyj\u0119\u0142a si\u0119 w g\u0142owach polak\u00f3w. Matcha wreszcie zostaje traktowana, nie jak ciekawostka, a regularna bardzo zdrowa herbata i naturalne \u017cr\u00f3d\u0142o kofeiny. Postanowili\u015bmy p\u00f3j\u015b\u0107 dalej, naturalnie nasz wyb\u00f3r pad\u0142 na Warszaw\u0119. Stolica to wielkie wyzwanie, ale chyba dajemy rad\u0119, co?<\/p>\t\t\t\t\t\t\t\t<\/div>\n\t\t\t\t<\/div>\n\t\t\t\t\t<\/div>\n\t\t\t\t<\/div>\n\t\t<div class=\"elementor-element elementor-element-93d16fc e-flex e-con-boxed e-con e-parent\" data-id=\"93d16fc\" data-element_type=\"container\">\n\t\t\t\t\t<div class=\"e-con-inner\">\n\t\t<div class=\"elementor-element elementor-element-b2f6da3 e-con-full e-flex e-con e-child\" data-id=\"b2f6da3\" data-element_type=\"container\">\n\t\t\t\t<div class=\"elementor-element elementor-element-29c12a1 elementor-widget elementor-widget-image\" data-id=\"29c12a1\" data-element_type=\"widget\" data-widget_type=\"image.default\">\n\t\t\t\t\t\t\t\t\t\t\t\t\t\t\t<img decoding=\"async\" width=\"576\" height=\"1024\" src=\"https:\/\/fastgrow.pl\/h4ppa\/wp-content\/uploads\/2026\/02\/htm-waw-1-scaled-1-576x1024.jpg\" class=\"elementor-animation-hang attachment-large size-large wp-image-1019\" alt=\"\" srcset=\"https:\/\/fastgrow.pl\/h4ppa\/wp-content\/uploads\/2026\/02\/htm-waw-1-scaled-1-576x1024.jpg 576w, https:\/\/fastgrow.pl\/h4ppa\/wp-content\/uploads\/2026\/02\/htm-waw-1-scaled-1-169x300.jpg 169w, https:\/\/fastgrow.pl\/h4ppa\/wp-content\/uploads\/2026\/02\/htm-waw-1-scaled-1-768x1365.jpg 768w, https:\/\/fastgrow.pl\/h4ppa\/wp-content\/uploads\/2026\/02\/htm-waw-1-scaled-1-864x1536.jpg 864w, https:\/\/fastgrow.pl\/h4ppa\/wp-content\/uploads\/2026\/02\/htm-waw-1-scaled-1-1152x2048.jpg 1152w, https:\/\/fastgrow.pl\/h4ppa\/wp-content\/uploads\/2026\/02\/htm-waw-1-scaled-1-60x107.jpg 60w, https:\/\/fastgrow.pl\/h4ppa\/wp-content\/uploads\/2026\/02\/htm-waw-1-scaled-1-320x569.jpg 320w, https:\/\/fastgrow.pl\/h4ppa\/wp-content\/uploads\/2026\/02\/htm-waw-1-scaled-1-600x1067.jpg 600w, https:\/\/fastgrow.pl\/h4ppa\/wp-content\/uploads\/2026\/02\/htm-waw-1-scaled-1.jpg 1440w\" sizes=\"(max-width: 576px) 100vw, 576px\" \/>\t\t\t\t\t\t\t\t\t\t\t\t\t\t\t<\/div>\n\t\t\t\t<\/div>\n\t\t<div class=\"elementor-element elementor-element-014e55a e-con-full e-flex e-con e-child\" data-id=\"014e55a\" data-element_type=\"container\">\n\t\t\t\t<div class=\"elementor-element elementor-element-4d38be4 elementor-widget elementor-widget-image\" data-id=\"4d38be4\" data-element_type=\"widget\" data-widget_type=\"image.default\">\n\t\t\t\t\t\t\t\t\t\t\t\t\t\t\t<img decoding=\"async\" width=\"576\" height=\"1024\" src=\"https:\/\/fastgrow.pl\/h4ppa\/wp-content\/uploads\/2026\/02\/htm-waw-3-scaled-1-576x1024.jpg\" class=\"elementor-animation-hang attachment-large size-large wp-image-1020\" alt=\"\" srcset=\"https:\/\/fastgrow.pl\/h4ppa\/wp-content\/uploads\/2026\/02\/htm-waw-3-scaled-1-576x1024.jpg 576w, https:\/\/fastgrow.pl\/h4ppa\/wp-content\/uploads\/2026\/02\/htm-waw-3-scaled-1-169x300.jpg 169w, https:\/\/fastgrow.pl\/h4ppa\/wp-content\/uploads\/2026\/02\/htm-waw-3-scaled-1-768x1365.jpg 768w, https:\/\/fastgrow.pl\/h4ppa\/wp-content\/uploads\/2026\/02\/htm-waw-3-scaled-1-864x1536.jpg 864w, https:\/\/fastgrow.pl\/h4ppa\/wp-content\/uploads\/2026\/02\/htm-waw-3-scaled-1-1152x2048.jpg 1152w, https:\/\/fastgrow.pl\/h4ppa\/wp-content\/uploads\/2026\/02\/htm-waw-3-scaled-1-60x107.jpg 60w, https:\/\/fastgrow.pl\/h4ppa\/wp-content\/uploads\/2026\/02\/htm-waw-3-scaled-1-320x569.jpg 320w, https:\/\/fastgrow.pl\/h4ppa\/wp-content\/uploads\/2026\/02\/htm-waw-3-scaled-1-600x1067.jpg 600w, https:\/\/fastgrow.pl\/h4ppa\/wp-content\/uploads\/2026\/02\/htm-waw-3-scaled-1.jpg 1440w\" sizes=\"(max-width: 576px) 100vw, 576px\" \/>\t\t\t\t\t\t\t\t\t\t\t\t\t\t\t<\/div>\n\t\t\t\t<\/div>\n\t\t<div class=\"elementor-element elementor-element-4ebe9b5 e-con-full e-flex e-con e-child\" data-id=\"4ebe9b5\" data-element_type=\"container\">\n\t\t\t\t<div class=\"elementor-element elementor-element-3d25c38 elementor-widget elementor-widget-image\" data-id=\"3d25c38\" data-element_type=\"widget\" data-widget_type=\"image.default\">\n\t\t\t\t\t\t\t\t\t\t\t\t\t\t\t<img decoding=\"async\" width=\"576\" height=\"1024\" src=\"https:\/\/fastgrow.pl\/h4ppa\/wp-content\/uploads\/2026\/02\/htm-waw-5-scaled-1-576x1024.jpg\" class=\"elementor-animation-hang attachment-large size-large wp-image-1021\" alt=\"\" srcset=\"https:\/\/fastgrow.pl\/h4ppa\/wp-content\/uploads\/2026\/02\/htm-waw-5-scaled-1-576x1024.jpg 576w, https:\/\/fastgrow.pl\/h4ppa\/wp-content\/uploads\/2026\/02\/htm-waw-5-scaled-1-169x300.jpg 169w, https:\/\/fastgrow.pl\/h4ppa\/wp-content\/uploads\/2026\/02\/htm-waw-5-scaled-1-768x1365.jpg 768w, https:\/\/fastgrow.pl\/h4ppa\/wp-content\/uploads\/2026\/02\/htm-waw-5-scaled-1-864x1536.jpg 864w, https:\/\/fastgrow.pl\/h4ppa\/wp-content\/uploads\/2026\/02\/htm-waw-5-scaled-1-1152x2048.jpg 1152w, https:\/\/fastgrow.pl\/h4ppa\/wp-content\/uploads\/2026\/02\/htm-waw-5-scaled-1-60x107.jpg 60w, https:\/\/fastgrow.pl\/h4ppa\/wp-content\/uploads\/2026\/02\/htm-waw-5-scaled-1-320x569.jpg 320w, https:\/\/fastgrow.pl\/h4ppa\/wp-content\/uploads\/2026\/02\/htm-waw-5-scaled-1-600x1067.jpg 600w, https:\/\/fastgrow.pl\/h4ppa\/wp-content\/uploads\/2026\/02\/htm-waw-5-scaled-1.jpg 1440w\" sizes=\"(max-width: 576px) 100vw, 576px\" \/>\t\t\t\t\t\t\t\t\t\t\t\t\t\t\t<\/div>\n\t\t\t\t<\/div>\n\t\t\t\t\t<\/div>\n\t\t\t\t<\/div>\n\t\t<div class=\"elementor-element elementor-element-cab525b e-flex e-con-boxed e-con e-parent\" data-id=\"cab525b\" data-element_type=\"container\">\n\t\t\t\t\t<div class=\"e-con-inner\">\n\t\t<div class=\"elementor-element elementor-element-7b12d0e e-con-full e-flex e-con e-child\" data-id=\"7b12d0e\" data-element_type=\"container\">\n\t\t\t\t<div class=\"elementor-element elementor-element-cfb6e79 elementor-widget__width-inherit elementor-invisible elementor-widget elementor-widget-heading\" data-id=\"cfb6e79\" data-element_type=\"widget\" data-settings=\"{&quot;_animation&quot;:&quot;slideInUp&quot;}\" data-widget_type=\"heading.default\">\n\t\t\t\t\t<h6 class=\"elementor-heading-title elementor-size-default\">znajdziesz nas na Ho\u017cej 43\/49 - WEj\u015bcie na rogu z Pozna\u0144sk\u0105<\/h6>\t\t\t\t<\/div>\n\t\t\t\t<div class=\"elementor-element elementor-element-e16dc77 elementor-widget elementor-widget-text-editor\" data-id=\"e16dc77\" data-element_type=\"widget\" data-widget_type=\"text-editor.default\">\n\t\t\t\t\t\t\t\t\t<p>poniedzia\u0142ek<br \/>Zamkni\u0119te<\/p>\t\t\t\t\t\t\t\t<\/div>\n\t\t\t\t<div class=\"elementor-element elementor-element-407125d elementor-widget elementor-widget-text-editor\" data-id=\"407125d\" data-element_type=\"widget\" data-widget_type=\"text-editor.default\">\n\t\t\t\t\t\t\t\t\t<p>wtorek<br \/>10:00\u201318:00<\/p>\t\t\t\t\t\t\t\t<\/div>\n\t\t\t\t<div class=\"elementor-element elementor-element-a46b69d elementor-widget elementor-widget-text-editor\" data-id=\"a46b69d\" data-element_type=\"widget\" data-widget_type=\"text-editor.default\">\n\t\t\t\t\t\t\t\t\t<p>\u015broda<br \/>14:00\u201319:00<\/p>\t\t\t\t\t\t\t\t<\/div>\n\t\t\t\t<div class=\"elementor-element elementor-element-0c64f32 elementor-widget elementor-widget-text-editor\" data-id=\"0c64f32\" data-element_type=\"widget\" data-widget_type=\"text-editor.default\">\n\t\t\t\t\t\t\t\t\t<p>czwartek<br \/>14:00\u201319:00<\/p>\t\t\t\t\t\t\t\t<\/div>\n\t\t\t\t<div class=\"elementor-element elementor-element-5888887 elementor-widget elementor-widget-text-editor\" data-id=\"5888887\" data-element_type=\"widget\" data-widget_type=\"text-editor.default\">\n\t\t\t\t\t\t\t\t\t<p>pi\u0105tek<br \/>14:00\u201319:00<\/p>\t\t\t\t\t\t\t\t<\/div>\n\t\t\t\t<div class=\"elementor-element elementor-element-5aebf53 elementor-widget elementor-widget-text-editor\" data-id=\"5aebf53\" data-element_type=\"widget\" data-widget_type=\"text-editor.default\">\n\t\t\t\t\t\t\t\t\t<p>sobota<br \/>14:00\u201319:00<\/p>\t\t\t\t\t\t\t\t<\/div>\n\t\t\t\t<div class=\"elementor-element elementor-element-b4e894b elementor-widget elementor-widget-text-editor\" data-id=\"b4e894b\" data-element_type=\"widget\" data-widget_type=\"text-editor.default\">\n\t\t\t\t\t\t\t\t\t<p>niedziela<br \/>14:00\u201319:00<\/p>\t\t\t\t\t\t\t\t<\/div>\n\t\t\t\t<div class=\"elementor-element elementor-element-b31e9e0 elementor-widget elementor-widget-google_maps\" data-id=\"b31e9e0\" data-element_type=\"widget\" data-widget_type=\"google_maps.default\">\n\t\t\t\t\t\t\t<div class=\"elementor-custom-embed\">\n\t\t\t<iframe loading=\"lazy\"\n\t\t\t\t\tsrc=\"https:\/\/maps.google.com\/maps?q=happa%20to%20mame%20Ho%C5%BCa%2043%2F49%2C%2000-681%20Warszawa&#038;t=m&#038;z=10&#038;output=embed&#038;iwloc=near\"\n\t\t\t\t\ttitle=\"happa to mame Ho\u017ca 43\/49, 00-681 Warszawa\"\n\t\t\t\t\taria-label=\"happa to mame Ho\u017ca 43\/49, 00-681 Warszawa\"\n\t\t\t><\/iframe>\n\t\t<\/div>\n\t\t\t\t\t\t<\/div>\n\t\t\t\t<\/div>\n\t\t\t\t\t<\/div>\n\t\t\t\t<\/div>\n\t\t\t\t<\/div>\n\t\t","protected":false},"excerpt":{"rendered":"<p>Happa to mame &#8211; Warszawa Kilka lat po otwarciu pozna\u0144skiej herbaciarni, kiedy poczuli\u015bmy, \u017ce happa to mame na sta\u0142e przyj\u0119\u0142a si\u0119 w g\u0142owach polak\u00f3w. Matcha wreszcie zostaje traktowana, nie jak ciekawostka, a regularna bardzo zdrowa herbata i naturalne \u017cr\u00f3d\u0142o kofeiny. Postanowili\u015bmy p\u00f3j\u015b\u0107 dalej, naturalnie nasz wyb\u00f3r pad\u0142 na Warszaw\u0119. Stolica to wielkie wyzwanie, ale chyba [&hellip;]<\/p>\n","protected":false},"author":1,"featured_media":0,"parent":0,"menu_order":0,"comment_status":"closed","ping_status":"closed","template":"","meta":{"_acf_changed":false,"footnotes":""},"class_list":["post-1016","page","type-page","status-publish","hentry"],"acf":[],"_links":{"self":[{"href":"https:\/\/fastgrow.pl\/h4ppa\/wp-json\/wp\/v2\/pages\/1016","targetHints":{"allow":["GET"]}}],"collection":[{"href":"https:\/\/fastgrow.pl\/h4ppa\/wp-json\/wp\/v2\/pages"}],"about":[{"href":"https:\/\/fastgrow.pl\/h4ppa\/wp-json\/wp\/v2\/types\/page"}],"author":[{"embeddable":true,"href":"https:\/\/fastgrow.pl\/h4ppa\/wp-json\/wp\/v2\/users\/1"}],"replies":[{"embeddable":true,"href":"https:\/\/fastgrow.pl\/h4ppa\/wp-json\/wp\/v2\/comments?post=1016"}],"version-history":[{"count":7,"href":"https:\/\/fastgrow.pl\/h4ppa\/wp-json\/wp\/v2\/pages\/1016\/revisions"}],"predecessor-version":[{"id":11982,"href":"https:\/\/fastgrow.pl\/h4ppa\/wp-json\/wp\/v2\/pages\/1016\/revisions\/11982"}],"wp:attachment":[{"href":"https:\/\/fastgrow.pl\/h4ppa\/wp-json\/wp\/v2\/media?parent=1016"}],"curies":[{"name":"wp","href":"https:\/\/api.w.org\/{rel}","templated":true}]}}