{"id":222,"date":"2026-02-03T12:57:10","date_gmt":"2026-02-03T11:57:10","guid":{"rendered":"https:\/\/fastgrow.pl\/h4ppa\/?page_id=222"},"modified":"2026-02-03T13:04:18","modified_gmt":"2026-02-03T12:04:18","slug":"o-nas","status":"publish","type":"page","link":"https:\/\/fastgrow.pl\/h4ppa\/o-nas\/","title":{"rendered":"O nas"},"content":{"rendered":"\t\t<div data-elementor-type=\"wp-page\" data-elementor-id=\"222\" class=\"elementor elementor-222\" data-elementor-post-type=\"page\">\n\t\t\t\t<div class=\"elementor-element elementor-element-aa32311 e-flex e-con-boxed e-con e-parent\" data-id=\"aa32311\" data-element_type=\"container\">\n\t\t\t\t\t<div class=\"e-con-inner\">\n\t\t\t\t<div class=\"elementor-element elementor-element-d73d408 elementor-widget__width-auto happa-intro elementor-widget elementor-widget-heading\" data-id=\"d73d408\" data-element_type=\"widget\" data-widget_type=\"heading.default\">\n\t\t\t\t\t<h2 class=\"elementor-heading-title elementor-size-default\">O nas<\/h2>\t\t\t\t<\/div>\n\t\t<div class=\"elementor-element elementor-element-a957204 e-con-full e-flex e-con e-child\" data-id=\"a957204\" data-element_type=\"container\">\n\t\t\t\t<div class=\"elementor-element elementor-element-adfcc6f elementor-widget elementor-widget-text-editor\" data-id=\"adfcc6f\" data-element_type=\"widget\" data-widget_type=\"text-editor.default\">\n\t\t\t\t\t\t\t\t\t<p>Z Shot\u0105 poznali\u015bmy si\u0119 w Poznaniu, jako\u015b w po\u0142owie 2017 roku. Ale my\u015bl\u0119, \u017ce znali\u015bmy si\u0119 du\u017co wcze\u015bniej, w poprzednim \u017cyciu, bo doskonale dogadujemy si\u0119, mamy t\u0119 sam\u0105 wizj\u0119 na to czym HAPPA TO MAME jest i codziennie nas to zaskakuje, bo przecie\u017c pochodzimy z dw\u00f3ch skrajnie r\u00f3\u017cni\u0105cych si\u0119 mi\u0119dzy sob\u0105 kultur. A jednak.<br \/>Wiedza Shoty na temat japo\u0144skiej kuchni, jego pasja do jedzenia i niesamowicie wyczulone zmys\u0142y po\u0142\u0105czone z moj\u0105 kreatywno\u015bci\u0105 I zaawansowanym ADHD, pozwoli\u0142y nam stworzy\u0107 mark\u0119, kt\u00f3ra kojarzona jest z wysokiej jako\u015bci autentyczn\u0105, japo\u0144sk\u0105 kuchni\u0105 w s\u0142odkiej ods\u0142onie.<\/p>\t\t\t\t\t\t\t\t<\/div>\n\t\t\t\t<div class=\"elementor-element elementor-element-9b207d9 elementor-widget elementor-widget-text-editor\" data-id=\"9b207d9\" data-element_type=\"widget\" data-widget_type=\"text-editor.default\">\n\t\t\t\t\t\t\t\t\t<p>T\u0105 jako\u015bci\u0105 szczycimy si\u0119 od zawsze. Korzystamy z wyj\u0105tkowych p\u00f3\u0142produkt\u00f3w, kt\u00f3re sprowadzamy prosto z Japonii.<\/p>\t\t\t\t\t\t\t\t<\/div>\n\t\t\t\t<div class=\"elementor-element elementor-element-ce2db89 elementor-widget elementor-widget-text-editor\" data-id=\"ce2db89\" data-element_type=\"widget\" data-widget_type=\"text-editor.default\">\n\t\t\t\t\t\t\t\t\t<p>Jednymi z nich s\u0105 zielone herbaty, a szczeg\u00f3lnie ich kr\u00f3lowa czyli MATCHA.<br \/>Od pocz\u0105tku, jako jedyni w Polsce korzystali\u015bmy (i korzystamy do dzi\u015b!) z matcha prosto z jednej z najlepszych japo\u0144skich plantacji w Shizuoka.<br \/>Po wielu testach i nauce jak pracowa\u0107 na tak uniwersalnym produkcie, postanowili\u015bmy podzieli\u0107 si\u0119 nim z Wami.<\/p>\t\t\t\t\t\t\t\t<\/div>\n\t\t\t\t<div class=\"elementor-element elementor-element-0e6f940 elementor-widget elementor-widget-text-editor\" data-id=\"0e6f940\" data-element_type=\"widget\" data-widget_type=\"text-editor.default\">\n\t\t\t\t\t\t\t\t\t<p>I tak oto przedstawiamy Wam MATCHA KISO (\u57fa\u790e) \u2013 najwy\u017cszej w Polsce jako\u015bci matcha idealnej do wypiek\u00f3w, napoj\u00f3w czy co sobie tylko wymarzycie.<\/p>\t\t\t\t\t\t\t\t<\/div>\n\t\t\t\t<div class=\"elementor-element elementor-element-8d21a40 elementor-widget elementor-widget-text-editor\" data-id=\"8d21a40\" data-element_type=\"widget\" data-widget_type=\"text-editor.default\">\n\t\t\t\t\t\t\t\t\t<p>MATCHA KISO to herbata o doskona\u0142ej rozpuszczalno\u015bci, co oznacza, \u017ce idealnie wkomponuje si\u0119 w struktur\u0119 tego co z ni\u0105 przygotujesz. Jej intensywna zielona barwa i niesamowicie delikatny smak sprawiaj\u0105, \u017ce jest idealnym dodatkiem do napoj\u00f3w czy deser\u00f3w.<br \/>MATCHA KISO pochodzi z jednej z najlepszych plantacji w Japonii, temu w\u0142a\u015bnie zawdzi\u0119cza swoj\u0105 wysok\u0105 jako\u015b\u0107<\/p>\t\t\t\t\t\t\t\t<\/div>\n\t\t\t\t<\/div>\n\t\t\t\t<div class=\"elementor-element elementor-element-0625b90 elementor-widget elementor-widget-image\" data-id=\"0625b90\" data-element_type=\"widget\" data-widget_type=\"image.default\">\n\t\t\t\t\t\t\t\t\t\t\t\t\t\t\t<img decoding=\"async\" width=\"1920\" height=\"1019\" src=\"https:\/\/fastgrow.pl\/h4ppa\/wp-content\/uploads\/2026\/02\/htm-o-nas-1-1920x1019-1.webp\" class=\"attachment-full size-full wp-image-228\" alt=\"\" srcset=\"https:\/\/fastgrow.pl\/h4ppa\/wp-content\/uploads\/2026\/02\/htm-o-nas-1-1920x1019-1.webp 1920w, https:\/\/fastgrow.pl\/h4ppa\/wp-content\/uploads\/2026\/02\/htm-o-nas-1-1920x1019-1-300x159.webp 300w, https:\/\/fastgrow.pl\/h4ppa\/wp-content\/uploads\/2026\/02\/htm-o-nas-1-1920x1019-1-1024x543.webp 1024w, https:\/\/fastgrow.pl\/h4ppa\/wp-content\/uploads\/2026\/02\/htm-o-nas-1-1920x1019-1-768x408.webp 768w, https:\/\/fastgrow.pl\/h4ppa\/wp-content\/uploads\/2026\/02\/htm-o-nas-1-1920x1019-1-1536x815.webp 1536w, https:\/\/fastgrow.pl\/h4ppa\/wp-content\/uploads\/2026\/02\/htm-o-nas-1-1920x1019-1-600x318.webp 600w\" sizes=\"(max-width: 1920px) 100vw, 1920px\" \/>\t\t\t\t\t\t\t\t\t\t\t\t\t\t\t<\/div>\n\t\t\t\t\t<\/div>\n\t\t\t\t<\/div>\n\t\t\t\t<\/div>\n\t\t","protected":false},"excerpt":{"rendered":"<p>O nas Z Shot\u0105 poznali\u015bmy si\u0119 w Poznaniu, jako\u015b w po\u0142owie 2017 roku. Ale my\u015bl\u0119, \u017ce znali\u015bmy si\u0119 du\u017co wcze\u015bniej, w poprzednim \u017cyciu, bo doskonale dogadujemy si\u0119, mamy t\u0119 sam\u0105 wizj\u0119 na to czym HAPPA TO MAME jest i codziennie nas to zaskakuje, bo przecie\u017c pochodzimy z dw\u00f3ch skrajnie r\u00f3\u017cni\u0105cych si\u0119 mi\u0119dzy sob\u0105 kultur. A [&hellip;]<\/p>\n","protected":false},"author":1,"featured_media":0,"parent":0,"menu_order":0,"comment_status":"closed","ping_status":"closed","template":"","meta":{"_acf_changed":false,"footnotes":""},"class_list":["post-222","page","type-page","status-publish","hentry"],"acf":[],"_links":{"self":[{"href":"https:\/\/fastgrow.pl\/h4ppa\/wp-json\/wp\/v2\/pages\/222","targetHints":{"allow":["GET"]}}],"collection":[{"href":"https:\/\/fastgrow.pl\/h4ppa\/wp-json\/wp\/v2\/pages"}],"about":[{"href":"https:\/\/fastgrow.pl\/h4ppa\/wp-json\/wp\/v2\/types\/page"}],"author":[{"embeddable":true,"href":"https:\/\/fastgrow.pl\/h4ppa\/wp-json\/wp\/v2\/users\/1"}],"replies":[{"embeddable":true,"href":"https:\/\/fastgrow.pl\/h4ppa\/wp-json\/wp\/v2\/comments?post=222"}],"version-history":[{"count":7,"href":"https:\/\/fastgrow.pl\/h4ppa\/wp-json\/wp\/v2\/pages\/222\/revisions"}],"predecessor-version":[{"id":231,"href":"https:\/\/fastgrow.pl\/h4ppa\/wp-json\/wp\/v2\/pages\/222\/revisions\/231"}],"wp:attachment":[{"href":"https:\/\/fastgrow.pl\/h4ppa\/wp-json\/wp\/v2\/media?parent=222"}],"curies":[{"name":"wp","href":"https:\/\/api.w.org\/{rel}","templated":true}]}}