{"id":232,"date":"2026-02-03T13:05:03","date_gmt":"2026-02-03T12:05:03","guid":{"rendered":"https:\/\/fastgrow.pl\/h4ppa\/?page_id=232"},"modified":"2026-02-03T13:46:44","modified_gmt":"2026-02-03T12:46:44","slug":"happa-guide","status":"publish","type":"page","link":"https:\/\/fastgrow.pl\/h4ppa\/happa-guide\/","title":{"rendered":"Happa Guide"},"content":{"rendered":"\t\t<div data-elementor-type=\"wp-page\" data-elementor-id=\"232\" class=\"elementor elementor-232\" data-elementor-post-type=\"page\">\n\t\t\t\t<div class=\"elementor-element elementor-element-566388d e-flex e-con-boxed e-con e-parent\" data-id=\"566388d\" data-element_type=\"container\">\n\t\t\t\t\t<div class=\"e-con-inner\">\n\t\t\t\t<div class=\"elementor-element elementor-element-bf6f719 elementor-widget__width-auto happa-intro elementor-widget elementor-widget-heading\" data-id=\"bf6f719\" data-element_type=\"widget\" data-widget_type=\"heading.default\">\n\t\t\t\t\t<h2 class=\"elementor-heading-title elementor-size-default\">Happa Guide \u2013 Twoja podr\u0119czna mapa japo\u0144skiej herbaty i filozofii Happa to Mame<\/h2>\t\t\t\t<\/div>\n\t\t\t\t<div class=\"elementor-element elementor-element-527ec67 elementor-widget elementor-widget-accordion\" data-id=\"527ec67\" data-element_type=\"widget\" data-widget_type=\"accordion.default\">\n\t\t\t\t\t\t\t<div class=\"elementor-accordion\">\n\t\t\t\t\t\t\t<div class=\"elementor-accordion-item\">\n\t\t\t\t\t<div id=\"elementor-tab-title-8651\" class=\"elementor-tab-title\" data-tab=\"1\" role=\"button\" aria-controls=\"elementor-tab-content-8651\" aria-expanded=\"false\">\n\t\t\t\t\t\t\t\t\t\t\t\t\t<span class=\"elementor-accordion-icon elementor-accordion-icon-left\" aria-hidden=\"true\">\n\t\t\t\t\t\t\t\t\t\t\t\t\t\t\t<span class=\"elementor-accordion-icon-closed\"><svg class=\"e-font-icon-svg e-fas-plus\" viewBox=\"0 0 448 512\" xmlns=\"http:\/\/www.w3.org\/2000\/svg\"><path d=\"M416 208H272V64c0-17.67-14.33-32-32-32h-32c-17.67 0-32 14.33-32 32v144H32c-17.67 0-32 14.33-32 32v32c0 17.67 14.33 32 32 32h144v144c0 17.67 14.33 32 32 32h32c17.67 0 32-14.33 32-32V304h144c17.67 0 32-14.33 32-32v-32c0-17.67-14.33-32-32-32z\"><\/path><\/svg><\/span>\n\t\t\t\t\t\t\t\t<span class=\"elementor-accordion-icon-opened\"><svg class=\"e-font-icon-svg e-fas-minus\" viewBox=\"0 0 448 512\" xmlns=\"http:\/\/www.w3.org\/2000\/svg\"><path d=\"M416 208H32c-17.67 0-32 14.33-32 32v32c0 17.67 14.33 32 32 32h384c17.67 0 32-14.33 32-32v-32c0-17.67-14.33-32-32-32z\"><\/path><\/svg><\/span>\n\t\t\t\t\t\t\t\t\t\t\t\t\t\t<\/span>\n\t\t\t\t\t\t\t\t\t\t\t\t<a class=\"elementor-accordion-title\" tabindex=\"0\"> Happa Guide \u2013 \u62b9\u8336\u306e\u54f2\u5b66<\/a>\n\t\t\t\t\t<\/div>\n\t\t\t\t\t<div id=\"elementor-tab-content-8651\" class=\"elementor-tab-content elementor-clearfix\" data-tab=\"1\" role=\"region\" aria-labelledby=\"elementor-tab-title-8651\"><p>Happa Guide to przewodnik, kt\u00f3ry powsta\u0142 z autentycznej fascynacji Japoni\u0105 i prawdziwym \u015bwiatem japo\u0144skiej herbaty. Jest to zbi\u00f3r wyselekcjonowanych informacji przygotowanych przez Happa to Mame, kt\u00f3re pozwol\u0105 lepiej zrozumie\u0107 fenomen herbaty matcha. To nie tylko kolejny nap\u00f3j \u2013 to tradycja, kultura picia i wyj\u0105tkowe do\u015bwiadczenie smakowe, kt\u00f3re Happa to Mame chce przybli\u017cy\u0107 ka\u017cdemu, kto ceni jako\u015b\u0107, autentyczno\u015b\u0107 oraz \u015bwiadome podej\u015bcie do herbaty.<\/p><\/div>\n\t\t\t\t<\/div>\n\t\t\t\t\t\t\t<div class=\"elementor-accordion-item\">\n\t\t\t\t\t<div id=\"elementor-tab-title-8652\" class=\"elementor-tab-title\" data-tab=\"2\" role=\"button\" aria-controls=\"elementor-tab-content-8652\" aria-expanded=\"false\">\n\t\t\t\t\t\t\t\t\t\t\t\t\t<span class=\"elementor-accordion-icon elementor-accordion-icon-left\" aria-hidden=\"true\">\n\t\t\t\t\t\t\t\t\t\t\t\t\t\t\t<span class=\"elementor-accordion-icon-closed\"><svg class=\"e-font-icon-svg e-fas-plus\" viewBox=\"0 0 448 512\" xmlns=\"http:\/\/www.w3.org\/2000\/svg\"><path d=\"M416 208H272V64c0-17.67-14.33-32-32-32h-32c-17.67 0-32 14.33-32 32v144H32c-17.67 0-32 14.33-32 32v32c0 17.67 14.33 32 32 32h144v144c0 17.67 14.33 32 32 32h32c17.67 0 32-14.33 32-32V304h144c17.67 0 32-14.33 32-32v-32c0-17.67-14.33-32-32-32z\"><\/path><\/svg><\/span>\n\t\t\t\t\t\t\t\t<span class=\"elementor-accordion-icon-opened\"><svg class=\"e-font-icon-svg e-fas-minus\" viewBox=\"0 0 448 512\" xmlns=\"http:\/\/www.w3.org\/2000\/svg\"><path d=\"M416 208H32c-17.67 0-32 14.33-32 32v32c0 17.67 14.33 32 32 32h384c17.67 0 32-14.33 32-32v-32c0-17.67-14.33-32-32-32z\"><\/path><\/svg><\/span>\n\t\t\t\t\t\t\t\t\t\t\t\t\t\t<\/span>\n\t\t\t\t\t\t\t\t\t\t\t\t<a class=\"elementor-accordion-title\" tabindex=\"0\"> \u62b9\u8336 Matcha \u2013 czym w\u0142a\u015bciwie jest? <\/a>\n\t\t\t\t\t<\/div>\n\t\t\t\t\t<div id=\"elementor-tab-content-8652\" class=\"elementor-tab-content elementor-clearfix\" data-tab=\"2\" role=\"region\" aria-labelledby=\"elementor-tab-title-8652\"><p>Matcha (\u62b9\u8336) dos\u0142ownie oznacza \u201eherbat\u0119 w proszku\u201d. Uzyskiwana jest z wyj\u0105tkowej odmiany herbaty TENCHA (\u78be\u8336). Proces jej produkcji zaczyna si\u0119 oko\u0142o czterech tygodni przed zbiorami, kiedy krzewy s\u0105 zacieniane specjalnymi plandekami. Dzi\u0119ki temu li\u015bcie walcz\u0105 o \u015bwiat\u0142o, produkuj\u0105c wi\u0119cej chlorofilu oraz aminokwas\u00f3w, co nadaje im charakterystyczny, intensywnie zielony kolor oraz wyj\u0105tkowy smak umami (\u65e8\u5473). Matcha to herbata ceniona nie tylko za sw\u00f3j wyrafinowany smak, ale tak\u017ce za prozdrowotne w\u0142a\u015bciwo\u015bci dzi\u0119ki wysokiej zawarto\u015bci antyoksydant\u00f3w, kofeiny i relaksuj\u0105cej l-teaniny.<\/p><\/div>\n\t\t\t\t<\/div>\n\t\t\t\t\t\t\t<div class=\"elementor-accordion-item\">\n\t\t\t\t\t<div id=\"elementor-tab-title-8653\" class=\"elementor-tab-title\" data-tab=\"3\" role=\"button\" aria-controls=\"elementor-tab-content-8653\" aria-expanded=\"false\">\n\t\t\t\t\t\t\t\t\t\t\t\t\t<span class=\"elementor-accordion-icon elementor-accordion-icon-left\" aria-hidden=\"true\">\n\t\t\t\t\t\t\t\t\t\t\t\t\t\t\t<span class=\"elementor-accordion-icon-closed\"><svg class=\"e-font-icon-svg e-fas-plus\" viewBox=\"0 0 448 512\" xmlns=\"http:\/\/www.w3.org\/2000\/svg\"><path d=\"M416 208H272V64c0-17.67-14.33-32-32-32h-32c-17.67 0-32 14.33-32 32v144H32c-17.67 0-32 14.33-32 32v32c0 17.67 14.33 32 32 32h144v144c0 17.67 14.33 32 32 32h32c17.67 0 32-14.33 32-32V304h144c17.67 0 32-14.33 32-32v-32c0-17.67-14.33-32-32-32z\"><\/path><\/svg><\/span>\n\t\t\t\t\t\t\t\t<span class=\"elementor-accordion-icon-opened\"><svg class=\"e-font-icon-svg e-fas-minus\" viewBox=\"0 0 448 512\" xmlns=\"http:\/\/www.w3.org\/2000\/svg\"><path d=\"M416 208H32c-17.67 0-32 14.33-32 32v32c0 17.67 14.33 32 32 32h384c17.67 0 32-14.33 32-32v-32c0-17.67-14.33-32-32-32z\"><\/path><\/svg><\/span>\n\t\t\t\t\t\t\t\t\t\t\t\t\t\t<\/span>\n\t\t\t\t\t\t\t\t\t\t\t\t<a class=\"elementor-accordion-title\" tabindex=\"0\"> Rodzaje matcha \u2013 ceremonialna czy kulinarna? <\/a>\n\t\t\t\t\t<\/div>\n\t\t\t\t\t<div id=\"elementor-tab-content-8653\" class=\"elementor-tab-content elementor-clearfix\" data-tab=\"3\" role=\"region\" aria-labelledby=\"elementor-tab-title-8653\"><p>\u2013 Matcha Ceremonialna pozyskiwana jest wy\u0142\u0105cznie z najm\u0142odszych li\u015bci pierwszego zbioru tencha. Li\u015bcie s\u0105 zbierane r\u0119cznie, dok\u0142adnie selekcjonowane i mielone tradycyjnie na kamiennych m\u0142ynach, kt\u00f3re produkuj\u0105 jedynie oko\u0142o 30g proszku na godzin\u0119. Matcha tej jako\u015bci, por\u00f3wnywalna z najwy\u017cszej jako\u015bci kaw\u0105 speciality lub winem, jest delikatna, aksamitna i pe\u0142na z\u0142o\u017conych nut smakowych. Zaparzana tylko na wodzie pozwala w pe\u0142ni doceni\u0107 jej subtelno\u015b\u0107. Matcha ceremonialna trafia g\u0142\u00f3wnie do tradycyjnych szk\u00f3\u0142 herbacianych, a na rynku jest dost\u0119pna jedynie w niewielkich ilo\u015bciach.<\/p><p>\u2013 Matcha Kulinarna (Premium) pochodzi z drugiego zbioru li\u015bci tencha. Li\u015bcie te zbierane s\u0105 maszynowo i zawieraj\u0105 \u017cy\u0142ki, kt\u00f3re nadaj\u0105 herbacie intensywniejszy, wyra\u017aniejszy smak. Dzi\u0119ki swojej charakterystyce doskonale komponuje si\u0119 z mlekiem, deserami oraz r\u00f3\u017cnego rodzaju eksperymentami kulinarnymi, nadaj\u0105c wyrazisty, matchowy akcent potrawom i napojom.<\/p><\/div>\n\t\t\t\t<\/div>\n\t\t\t\t\t\t\t<div class=\"elementor-accordion-item\">\n\t\t\t\t\t<div id=\"elementor-tab-title-8654\" class=\"elementor-tab-title\" data-tab=\"4\" role=\"button\" aria-controls=\"elementor-tab-content-8654\" aria-expanded=\"false\">\n\t\t\t\t\t\t\t\t\t\t\t\t\t<span class=\"elementor-accordion-icon elementor-accordion-icon-left\" aria-hidden=\"true\">\n\t\t\t\t\t\t\t\t\t\t\t\t\t\t\t<span class=\"elementor-accordion-icon-closed\"><svg class=\"e-font-icon-svg e-fas-plus\" viewBox=\"0 0 448 512\" xmlns=\"http:\/\/www.w3.org\/2000\/svg\"><path d=\"M416 208H272V64c0-17.67-14.33-32-32-32h-32c-17.67 0-32 14.33-32 32v144H32c-17.67 0-32 14.33-32 32v32c0 17.67 14.33 32 32 32h144v144c0 17.67 14.33 32 32 32h32c17.67 0 32-14.33 32-32V304h144c17.67 0 32-14.33 32-32v-32c0-17.67-14.33-32-32-32z\"><\/path><\/svg><\/span>\n\t\t\t\t\t\t\t\t<span class=\"elementor-accordion-icon-opened\"><svg class=\"e-font-icon-svg e-fas-minus\" viewBox=\"0 0 448 512\" xmlns=\"http:\/\/www.w3.org\/2000\/svg\"><path d=\"M416 208H32c-17.67 0-32 14.33-32 32v32c0 17.67 14.33 32 32 32h384c17.67 0 32-14.33 32-32v-32c0-17.67-14.33-32-32-32z\"><\/path><\/svg><\/span>\n\t\t\t\t\t\t\t\t\t\t\t\t\t\t<\/span>\n\t\t\t\t\t\t\t\t\t\t\t\t<a class=\"elementor-accordion-title\" tabindex=\"0\"> Dlaczego Happa to Mame?<\/a>\n\t\t\t\t\t<\/div>\n\t\t\t\t\t<div id=\"elementor-tab-content-8654\" class=\"elementor-tab-content elementor-clearfix\" data-tab=\"4\" role=\"region\" aria-labelledby=\"elementor-tab-title-8654\"><p>Happa to Mame jest synonimem jako\u015bci, autentyczno\u015bci i pasji do prawdziwej, japo\u0144skiej herbaty. Produkty marki to efekt starannej selekcji najlepszych plantacji, bezpo\u015bredniej wsp\u00f3\u0142pracy z japo\u0144skimi plantatorami oraz dba\u0142o\u015bci o szczeg\u00f3\u0142y. Ka\u017cdy \u0142yk matcha od Happa to Mame to gwarancja intensywnego koloru, \u015bwie\u017co\u015bci oraz niepowtarzalnego aromatu.<\/p><\/div>\n\t\t\t\t<\/div>\n\t\t\t\t\t\t\t<div class=\"elementor-accordion-item\">\n\t\t\t\t\t<div id=\"elementor-tab-title-8655\" class=\"elementor-tab-title\" data-tab=\"5\" role=\"button\" aria-controls=\"elementor-tab-content-8655\" aria-expanded=\"false\">\n\t\t\t\t\t\t\t\t\t\t\t\t\t<span class=\"elementor-accordion-icon elementor-accordion-icon-left\" aria-hidden=\"true\">\n\t\t\t\t\t\t\t\t\t\t\t\t\t\t\t<span class=\"elementor-accordion-icon-closed\"><svg class=\"e-font-icon-svg e-fas-plus\" viewBox=\"0 0 448 512\" xmlns=\"http:\/\/www.w3.org\/2000\/svg\"><path d=\"M416 208H272V64c0-17.67-14.33-32-32-32h-32c-17.67 0-32 14.33-32 32v144H32c-17.67 0-32 14.33-32 32v32c0 17.67 14.33 32 32 32h144v144c0 17.67 14.33 32 32 32h32c17.67 0 32-14.33 32-32V304h144c17.67 0 32-14.33 32-32v-32c0-17.67-14.33-32-32-32z\"><\/path><\/svg><\/span>\n\t\t\t\t\t\t\t\t<span class=\"elementor-accordion-icon-opened\"><svg class=\"e-font-icon-svg e-fas-minus\" viewBox=\"0 0 448 512\" xmlns=\"http:\/\/www.w3.org\/2000\/svg\"><path d=\"M416 208H32c-17.67 0-32 14.33-32 32v32c0 17.67 14.33 32 32 32h384c17.67 0 32-14.33 32-32v-32c0-17.67-14.33-32-32-32z\"><\/path><\/svg><\/span>\n\t\t\t\t\t\t\t\t\t\t\t\t\t\t<\/span>\n\t\t\t\t\t\t\t\t\t\t\t\t<a class=\"elementor-accordion-title\" tabindex=\"0\">Zanurz si\u0119 g\u0142\u0119biej<\/a>\n\t\t\t\t\t<\/div>\n\t\t\t\t\t<div id=\"elementor-tab-content-8655\" class=\"elementor-tab-content elementor-clearfix\" data-tab=\"5\" role=\"region\" aria-labelledby=\"elementor-tab-title-8655\"><p>Poznaj nasze produkty i dowiedz si\u0119 wi\u0119cej o ich specyfice, metodach parzenia, rekomendacjach przechowywania oraz mo\u017cliwo\u015bciach wykorzystania w Twojej kuchni. Pozw\u00f3l, aby Happa Guide sta\u0142 si\u0119 Twoim przewodnikiem po autentycznym \u015bwiecie japo\u0144skiej matcha.<\/p><\/div>\n\t\t\t\t<\/div>\n\t\t\t\t\t\t\t\t<\/div>\n\t\t\t\t\t\t<\/div>\n\t\t\t\t<div class=\"elementor-element elementor-element-9075d43 elementor-arrows-position-inside elementor-widget elementor-widget-loop-carousel\" data-id=\"9075d43\" data-element_type=\"widget\" data-settings=\"{&quot;template_id&quot;:&quot;265&quot;,&quot;slides_to_show&quot;:&quot;4&quot;,&quot;slides_to_show_mobile&quot;:&quot;2&quot;,&quot;_skin&quot;:&quot;post&quot;,&quot;slides_to_show_tablet&quot;:&quot;2&quot;,&quot;slides_to_scroll&quot;:&quot;1&quot;,&quot;edit_handle_selector&quot;:&quot;.elementor-loop-container&quot;,&quot;autoplay&quot;:&quot;yes&quot;,&quot;autoplay_speed&quot;:5000,&quot;pause_on_hover&quot;:&quot;yes&quot;,&quot;pause_on_interaction&quot;:&quot;yes&quot;,&quot;infinite&quot;:&quot;yes&quot;,&quot;speed&quot;:500,&quot;offset_sides&quot;:&quot;none&quot;,&quot;arrows&quot;:&quot;yes&quot;,&quot;image_spacing_custom&quot;:{&quot;unit&quot;:&quot;px&quot;,&quot;size&quot;:10,&quot;sizes&quot;:[]},&quot;image_spacing_custom_tablet&quot;:{&quot;unit&quot;:&quot;px&quot;,&quot;size&quot;:&quot;&quot;,&quot;sizes&quot;:[]},&quot;image_spacing_custom_mobile&quot;:{&quot;unit&quot;:&quot;px&quot;,&quot;size&quot;:&quot;&quot;,&quot;sizes&quot;:[]}}\" data-widget_type=\"loop-carousel.post\">\n\t\t\t\t\t\t\t<div class=\"swiper elementor-loop-container elementor-grid\" role=\"list\" dir=\"ltr\">\n\t\t\t\t<div class=\"swiper-wrapper\" aria-live=\"off\">\n\t\t<style id=\"loop-265\">.elementor-265 .elementor-element.elementor-element-92bc92c{--display:flex;--gap:16px 16px;--row-gap:16px;--column-gap:16px;}.elementor-widget-image .widget-image-caption{color:var( --e-global-color-text );font-family:var( --e-global-typography-text-font-family ), Sans-serif;font-weight:var( --e-global-typography-text-font-weight );}.elementor-widget-heading .elementor-heading-title{font-family:var( --e-global-typography-primary-font-family ), Sans-serif;font-weight:var( --e-global-typography-primary-font-weight );color:var( --e-global-color-primary );}.elementor-265 .elementor-element.elementor-element-b5bdd14{width:auto;max-width:auto;text-align:center;}.elementor-265 .elementor-element.elementor-element-b5bdd14 .elementor-heading-title{font-family:\"Bebas Neue\", Sans-serif;font-size:32px;font-weight:400;color:#000000;}.elementor-265 .elementor-element.elementor-element-b5bdd14 .elementor-heading-title a:hover, .elementor-265 .elementor-element.elementor-element-b5bdd14 .elementor-heading-title a:focus{color:#006624;}@media(max-width:767px){.elementor-265 .elementor-element.elementor-element-b5bdd14 .elementor-heading-title{font-size:24px;}}<\/style>\t\t<div data-elementor-type=\"loop-item\" data-elementor-id=\"265\" class=\"elementor elementor-265 swiper-slide e-loop-item e-loop-item-261 post-261 happa_guide type-happa_guide status-publish has-post-thumbnail hentry\" data-elementor-post-type=\"elementor_library\" role=\"group\" aria-roledescription=\"slide\" data-custom-edit-handle=\"1\">\n\t\t\t<div class=\"elementor-element elementor-element-92bc92c e-flex e-con-boxed e-con e-parent\" data-id=\"92bc92c\" data-element_type=\"container\">\n\t\t\t\t\t<div class=\"e-con-inner\">\n\t\t\t\t<div class=\"elementor-element elementor-element-699c5dd elementor-widget elementor-widget-image\" data-id=\"699c5dd\" data-element_type=\"widget\" data-widget_type=\"image.default\">\n\t\t\t\t\t\t\t\t\t\t\t\t\t\t\t<img decoding=\"async\" src=\"https:\/\/fastgrow.pl\/h4ppa\/wp-content\/uploads\/elementor\/thumbs\/kiso-map-thumbnail-500x500-2-rim0bvdju50bn49hfpmp86m1gdyolmhn8owtt94nlc.png\" title=\"kiso-map-thumbnail-500&#215;500\" alt=\"kiso-map-thumbnail-500x500\" loading=\"lazy\" \/>\t\t\t\t\t\t\t\t\t\t\t\t\t\t\t<\/div>\n\t\t\t\t<div class=\"elementor-element elementor-element-b5bdd14 elementor-widget__width-auto happa-intro elementor-widget elementor-widget-heading\" data-id=\"b5bdd14\" data-element_type=\"widget\" data-widget_type=\"heading.default\">\n\t\t\t\t\t<h3 class=\"elementor-heading-title elementor-size-default\"><a href=\"https:\/\/fastgrow.pl\/h4ppa\/happa_guide\/kiso-map\/\">KISO Map<\/a><\/h3>\t\t\t\t<\/div>\n\t\t\t\t\t<\/div>\n\t\t\t\t<\/div>\n\t\t\t\t<\/div>\n\t\t\t\t<div data-elementor-type=\"loop-item\" data-elementor-id=\"265\" class=\"elementor elementor-265 swiper-slide e-loop-item e-loop-item-257 post-257 happa_guide type-happa_guide status-publish has-post-thumbnail hentry\" data-elementor-post-type=\"elementor_library\" role=\"group\" aria-roledescription=\"slide\" data-custom-edit-handle=\"1\">\n\t\t\t<div class=\"elementor-element elementor-element-92bc92c e-flex e-con-boxed e-con e-parent\" data-id=\"92bc92c\" data-element_type=\"container\">\n\t\t\t\t\t<div class=\"e-con-inner\">\n\t\t\t\t<div class=\"elementor-element elementor-element-699c5dd elementor-widget elementor-widget-image\" data-id=\"699c5dd\" data-element_type=\"widget\" data-widget_type=\"image.default\">\n\t\t\t\t\t\t\t\t\t\t\t\t\t\t\t<img decoding=\"async\" src=\"https:\/\/fastgrow.pl\/h4ppa\/wp-content\/uploads\/elementor\/thumbs\/kei-500x500-2-rim08uc9tcv28cnv4ehz6y4kjow3sqgs5p8i55mbn4.jpg\" title=\"kei-500&#215;500\" alt=\"kei-500x500\" loading=\"lazy\" \/>\t\t\t\t\t\t\t\t\t\t\t\t\t\t\t<\/div>\n\t\t\t\t<div class=\"elementor-element elementor-element-b5bdd14 elementor-widget__width-auto happa-intro elementor-widget elementor-widget-heading\" data-id=\"b5bdd14\" data-element_type=\"widget\" data-widget_type=\"heading.default\">\n\t\t\t\t\t<h3 class=\"elementor-heading-title elementor-size-default\"><a href=\"https:\/\/fastgrow.pl\/h4ppa\/happa_guide\/matcha-kei\/\">Matcha KEI<\/a><\/h3>\t\t\t\t<\/div>\n\t\t\t\t\t<\/div>\n\t\t\t\t<\/div>\n\t\t\t\t<\/div>\n\t\t\t\t<div data-elementor-type=\"loop-item\" data-elementor-id=\"265\" class=\"elementor elementor-265 swiper-slide e-loop-item e-loop-item-253 post-253 happa_guide type-happa_guide status-publish has-post-thumbnail hentry\" data-elementor-post-type=\"elementor_library\" role=\"group\" aria-roledescription=\"slide\" data-custom-edit-handle=\"1\">\n\t\t\t<div class=\"elementor-element elementor-element-92bc92c e-flex e-con-boxed e-con e-parent\" data-id=\"92bc92c\" data-element_type=\"container\">\n\t\t\t\t\t<div class=\"e-con-inner\">\n\t\t\t\t<div class=\"elementor-element elementor-element-699c5dd elementor-widget elementor-widget-image\" data-id=\"699c5dd\" data-element_type=\"widget\" data-widget_type=\"image.default\">\n\t\t\t\t\t\t\t\t\t\t\t\t\t\t\t<img decoding=\"async\" src=\"https:\/\/fastgrow.pl\/h4ppa\/wp-content\/uploads\/elementor\/thumbs\/kiso-thumbnail-500x500-2-rim060tpb903egrbl6m9pnqse2sgpf9rrqs2b9sub4.jpg\" title=\"kiso-thumbnail-500&#215;500\" alt=\"kiso-thumbnail-500x500\" loading=\"lazy\" \/>\t\t\t\t\t\t\t\t\t\t\t\t\t\t\t<\/div>\n\t\t\t\t<div class=\"elementor-element elementor-element-b5bdd14 elementor-widget__width-auto happa-intro elementor-widget elementor-widget-heading\" data-id=\"b5bdd14\" data-element_type=\"widget\" data-widget_type=\"heading.default\">\n\t\t\t\t\t<h3 class=\"elementor-heading-title elementor-size-default\"><a href=\"https:\/\/fastgrow.pl\/h4ppa\/happa_guide\/matcha-kiso\/\">Matcha KISO<\/a><\/h3>\t\t\t\t<\/div>\n\t\t\t\t\t<\/div>\n\t\t\t\t<\/div>\n\t\t\t\t<\/div>\n\t\t\t\t<div data-elementor-type=\"loop-item\" data-elementor-id=\"265\" class=\"elementor elementor-265 swiper-slide e-loop-item e-loop-item-249 post-249 happa_guide type-happa_guide status-publish has-post-thumbnail hentry\" data-elementor-post-type=\"elementor_library\" role=\"group\" aria-roledescription=\"slide\" data-custom-edit-handle=\"1\">\n\t\t\t<div class=\"elementor-element elementor-element-92bc92c e-flex e-con-boxed e-con e-parent\" data-id=\"92bc92c\" data-element_type=\"container\">\n\t\t\t\t\t<div class=\"e-con-inner\">\n\t\t\t\t<div class=\"elementor-element elementor-element-699c5dd elementor-widget elementor-widget-image\" data-id=\"699c5dd\" data-element_type=\"widget\" data-widget_type=\"image.default\">\n\t\t\t\t\t\t\t\t\t\t\t\t\t\t\t<img decoding=\"async\" src=\"https:\/\/fastgrow.pl\/h4ppa\/wp-content\/uploads\/elementor\/thumbs\/WA-500x500-1-rim02loufybj5jq6k7e550teklndp2oxmtbgg0vey8.jpg\" title=\"WA-500&#215;500\" alt=\"WA-500x500\" loading=\"lazy\" \/>\t\t\t\t\t\t\t\t\t\t\t\t\t\t\t<\/div>\n\t\t\t\t<div class=\"elementor-element elementor-element-b5bdd14 elementor-widget__width-auto happa-intro elementor-widget elementor-widget-heading\" data-id=\"b5bdd14\" data-element_type=\"widget\" data-widget_type=\"heading.default\">\n\t\t\t\t\t<h3 class=\"elementor-heading-title elementor-size-default\"><a href=\"https:\/\/fastgrow.pl\/h4ppa\/happa_guide\/matcha-wa\/\">Matcha WA<\/a><\/h3>\t\t\t\t<\/div>\n\t\t\t\t\t<\/div>\n\t\t\t\t<\/div>\n\t\t\t\t<\/div>\n\t\t\t\t<div data-elementor-type=\"loop-item\" data-elementor-id=\"265\" class=\"elementor elementor-265 swiper-slide e-loop-item e-loop-item-246 post-246 happa_guide type-happa_guide status-publish has-post-thumbnail hentry\" data-elementor-post-type=\"elementor_library\" role=\"group\" aria-roledescription=\"slide\" data-custom-edit-handle=\"1\">\n\t\t\t<div class=\"elementor-element elementor-element-92bc92c e-flex e-con-boxed e-con e-parent\" data-id=\"92bc92c\" data-element_type=\"container\">\n\t\t\t\t\t<div class=\"e-con-inner\">\n\t\t\t\t<div class=\"elementor-element elementor-element-699c5dd elementor-widget elementor-widget-image\" data-id=\"699c5dd\" data-element_type=\"widget\" data-widget_type=\"image.default\">\n\t\t\t\t\t\t\t\t\t\t\t\t\t\t\t<img decoding=\"async\" src=\"https:\/\/fastgrow.pl\/h4ppa\/wp-content\/uploads\/elementor\/thumbs\/hojicha-thumbnail-1-500x500-1-rim00qyayps698f4dwjmpznoe8sbikbzpmzzddmd80.png\" title=\"hojicha-thumbnail-1-500&#215;500\" alt=\"hojicha-thumbnail-1-500x500\" loading=\"lazy\" \/>\t\t\t\t\t\t\t\t\t\t\t\t\t\t\t<\/div>\n\t\t\t\t<div class=\"elementor-element elementor-element-b5bdd14 elementor-widget__width-auto happa-intro elementor-widget elementor-widget-heading\" data-id=\"b5bdd14\" data-element_type=\"widget\" data-widget_type=\"heading.default\">\n\t\t\t\t\t<h3 class=\"elementor-heading-title elementor-size-default\"><a href=\"https:\/\/fastgrow.pl\/h4ppa\/happa_guide\/hojicha\/\">hojicha<\/a><\/h3>\t\t\t\t<\/div>\n\t\t\t\t\t<\/div>\n\t\t\t\t<\/div>\n\t\t\t\t<\/div>\n\t\t\t\t<\/div>\n\t\t<\/div>\n\t\t\t\t\t<div class=\"elementor-swiper-button elementor-swiper-button-prev\" role=\"button\" tabindex=\"0\" aria-label=\"Previous\">\n\t\t\t\t<svg aria-hidden=\"true\" class=\"e-font-icon-svg e-eicon-chevron-left\" viewBox=\"0 0 1000 1000\" xmlns=\"http:\/\/www.w3.org\/2000\/svg\"><path d=\"M646 125C629 125 613 133 604 142L308 442C296 454 292 471 292 487 292 504 296 521 308 533L604 854C617 867 629 875 646 875 663 875 679 871 692 858 704 846 713 829 713 812 713 796 708 779 692 767L438 487 692 225C700 217 708 204 708 187 708 171 704 154 692 142 675 129 663 125 646 125Z\"><\/path><\/svg>\t\t\t<\/div>\n\t\t\t<div class=\"elementor-swiper-button elementor-swiper-button-next\" role=\"button\" tabindex=\"0\" aria-label=\"Next\">\n\t\t\t\t<svg aria-hidden=\"true\" class=\"e-font-icon-svg e-eicon-chevron-right\" viewBox=\"0 0 1000 1000\" xmlns=\"http:\/\/www.w3.org\/2000\/svg\"><path d=\"M696 533C708 521 713 504 713 487 713 471 708 454 696 446L400 146C388 133 375 125 354 125 338 125 325 129 313 142 300 154 292 171 292 187 292 204 296 221 308 233L563 492 304 771C292 783 288 800 288 817 288 833 296 850 308 863 321 871 338 875 354 875 371 875 388 867 400 854L696 533Z\"><\/path><\/svg>\t\t\t<\/div>\n\t\t\t\t\t\t<\/div>\n\t\t\t\t<div class=\"elementor-element elementor-element-2a18e66 elementor-widget__width-auto happa-intro elementor-widget elementor-widget-heading\" data-id=\"2a18e66\" data-element_type=\"widget\" data-widget_type=\"heading.default\">\n\t\t\t\t\t<h2 class=\"elementor-heading-title elementor-size-default\">Happa to Mame \u2013 \u305f\u3060\u306e\u304a\u8336\u3067\u306f\u306a\u3044\u3002To \u015bwiadomy wyb\u00f3r, styl \u017cycia i celebracja tego, co najlepsze.<\/h2>\t\t\t\t<\/div>\n\t\t\t\t\t<\/div>\n\t\t\t\t<\/div>\n\t\t\t\t<\/div>\n\t\t","protected":false},"excerpt":{"rendered":"<p>Happa Guide \u2013 Twoja podr\u0119czna mapa japo\u0144skiej herbaty i filozofii Happa to Mame Happa Guide \u2013 \u62b9\u8336\u306e\u54f2\u5b66 Happa Guide to przewodnik, kt\u00f3ry powsta\u0142 z autentycznej fascynacji Japoni\u0105 i prawdziwym \u015bwiatem japo\u0144skiej herbaty. Jest to zbi\u00f3r wyselekcjonowanych informacji przygotowanych przez Happa to Mame, kt\u00f3re pozwol\u0105 lepiej zrozumie\u0107 fenomen herbaty matcha. To nie tylko kolejny nap\u00f3j \u2013 [&hellip;]<\/p>\n","protected":false},"author":1,"featured_media":0,"parent":0,"menu_order":0,"comment_status":"closed","ping_status":"closed","template":"","meta":{"_acf_changed":false,"footnotes":""},"class_list":["post-232","page","type-page","status-publish","hentry"],"acf":[],"_links":{"self":[{"href":"https:\/\/fastgrow.pl\/h4ppa\/wp-json\/wp\/v2\/pages\/232","targetHints":{"allow":["GET"]}}],"collection":[{"href":"https:\/\/fastgrow.pl\/h4ppa\/wp-json\/wp\/v2\/pages"}],"about":[{"href":"https:\/\/fastgrow.pl\/h4ppa\/wp-json\/wp\/v2\/types\/page"}],"author":[{"embeddable":true,"href":"https:\/\/fastgrow.pl\/h4ppa\/wp-json\/wp\/v2\/users\/1"}],"replies":[{"embeddable":true,"href":"https:\/\/fastgrow.pl\/h4ppa\/wp-json\/wp\/v2\/comments?post=232"}],"version-history":[{"count":16,"href":"https:\/\/fastgrow.pl\/h4ppa\/wp-json\/wp\/v2\/pages\/232\/revisions"}],"predecessor-version":[{"id":270,"href":"https:\/\/fastgrow.pl\/h4ppa\/wp-json\/wp\/v2\/pages\/232\/revisions\/270"}],"wp:attachment":[{"href":"https:\/\/fastgrow.pl\/h4ppa\/wp-json\/wp\/v2\/media?parent=232"}],"curies":[{"name":"wp","href":"https:\/\/api.w.org\/{rel}","templated":true}]}}