{"id":289,"date":"2026-02-03T14:57:29","date_gmt":"2026-02-03T13:57:29","guid":{"rendered":"https:\/\/fastgrow.pl\/h4ppa\/?page_id=289"},"modified":"2026-02-03T15:26:06","modified_gmt":"2026-02-03T14:26:06","slug":"kontakt","status":"publish","type":"page","link":"https:\/\/fastgrow.pl\/h4ppa\/kontakt\/","title":{"rendered":"Kontakt"},"content":{"rendered":"\t\t<div data-elementor-type=\"wp-page\" data-elementor-id=\"289\" class=\"elementor elementor-289\" data-elementor-post-type=\"page\">\n\t\t\t\t<div class=\"elementor-element elementor-element-857d8ee e-flex e-con-boxed e-con e-parent\" data-id=\"857d8ee\" data-element_type=\"container\">\n\t\t\t\t\t<div class=\"e-con-inner\">\n\t\t\t\t<div class=\"elementor-element elementor-element-329146f elementor-widget__width-auto happa-intro elementor-widget elementor-widget-heading\" data-id=\"329146f\" data-element_type=\"widget\" data-widget_type=\"heading.default\">\n\t\t\t\t\t<h2 class=\"elementor-heading-title elementor-size-default\">Kontakt<\/h2>\t\t\t\t<\/div>\n\t\t\t\t\t<\/div>\n\t\t\t\t<\/div>\n\t\t\t\t<section class=\"elementor-section elementor-top-section elementor-element elementor-element-f93cf34 elementor-section-boxed elementor-section-height-default elementor-section-height-default\" data-id=\"f93cf34\" data-element_type=\"section\">\n\t\t\t\t\t\t<div class=\"elementor-container elementor-column-gap-default\">\n\t\t\t\t\t<div class=\"elementor-column elementor-col-100 elementor-top-column elementor-element elementor-element-50b5cb4\" data-id=\"50b5cb4\" data-element_type=\"column\">\n\t\t\t<div class=\"elementor-widget-wrap elementor-element-populated\">\n\t\t\t\t\t\t<div class=\"elementor-element elementor-element-8ee1903 elementor-widget elementor-widget-text-editor\" data-id=\"8ee1903\" data-element_type=\"widget\" data-widget_type=\"text-editor.default\">\n\t\t\t\t\t\t\t\t\t<p>Dzi\u0119kujemy za zainteresowanie! W zale\u017cno\u015bci od potrzeby, prosimy o wyb\u00f3r odpowiedniego kana\u0142u kontaktowego:<\/p>\t\t\t\t\t\t\t\t<\/div>\n\t\t\t\t<div class=\"elementor-element elementor-element-dcb7a3f elementor-widget__width-inherit elementor-invisible elementor-widget elementor-widget-heading\" data-id=\"dcb7a3f\" data-element_type=\"widget\" data-settings=\"{&quot;_animation&quot;:&quot;slideInUp&quot;}\" data-widget_type=\"heading.default\">\n\t\t\t\t\t<h3 class=\"elementor-heading-title elementor-size-default\">Sklep internetowy i zam\u00f3wienia<\/h3>\t\t\t\t<\/div>\n\t\t\t\t<div class=\"elementor-element elementor-element-3b79541 elementor-widget elementor-widget-text-editor\" data-id=\"3b79541\" data-element_type=\"widget\" data-widget_type=\"text-editor.default\">\n\t\t\t\t\t\t\t\t\t<p>Masz pytania dotycz\u0105ce swojego zam\u00f3wienia, reklamacji, zwrot\u00f3w lub potrzebujesz pomocy przy zakupach? Skontaktuj si\u0119 z nami pod adresem:<br \/><a class=\"text-entity-link\" dir=\"auto\" href=\"mailto:sklep@happatomame.pl\" target=\"_blank\" rel=\"noopener noreferrer\" data-entity-type=\"MessageEntityEmail\">sklep@happatomame.pl<\/a><\/p>\t\t\t\t\t\t\t\t<\/div>\n\t\t\t\t<div class=\"elementor-element elementor-element-f29a96e elementor-widget__width-inherit elementor-invisible elementor-widget elementor-widget-heading\" data-id=\"f29a96e\" data-element_type=\"widget\" data-settings=\"{&quot;_animation&quot;:&quot;slideInUp&quot;}\" data-widget_type=\"heading.default\">\n\t\t\t\t\t<h3 class=\"elementor-heading-title elementor-size-default\">Wsp\u00f3\u0142praca B2B<\/h3>\t\t\t\t<\/div>\n\t\t\t\t<div class=\"elementor-element elementor-element-b07a142 elementor-widget elementor-widget-text-editor\" data-id=\"b07a142\" data-element_type=\"widget\" data-widget_type=\"text-editor.default\">\n\t\t\t\t\t\t\t\t\t<p>Jeste\u015b zainteresowany wsp\u00f3\u0142prac\u0105 biznesow\u0105, masz pytania dotycz\u0105ce p\u0142atno\u015bci, faktur lub zam\u00f3wie\u0144 hurtowych? Napisz do nas na adres:<br \/><a class=\"text-entity-link\" dir=\"auto\" href=\"mailto:b2b@happatomame.pl\" target=\"_blank\" rel=\"noopener noreferrer\" data-entity-type=\"MessageEntityEmail\">b2b@happatomame.pl<\/a><\/p>\t\t\t\t\t\t\t\t<\/div>\n\t\t\t\t<div class=\"elementor-element elementor-element-2b9f1c0 elementor-widget__width-inherit elementor-invisible elementor-widget elementor-widget-heading\" data-id=\"2b9f1c0\" data-element_type=\"widget\" data-settings=\"{&quot;_animation&quot;:&quot;slideInUp&quot;}\" data-widget_type=\"heading.default\">\n\t\t\t\t\t<h3 class=\"elementor-heading-title elementor-size-default\">Kolaboracje i wsp\u00f3\u0142prace kreatywne<\/h3>\t\t\t\t<\/div>\n\t\t\t\t<div class=\"elementor-element elementor-element-4d7968b elementor-widget elementor-widget-text-editor\" data-id=\"4d7968b\" data-element_type=\"widget\" data-widget_type=\"text-editor.default\">\n\t\t\t\t\t\t\t\t\t<p>Chcesz nawi\u0105za\u0107 wsp\u00f3\u0142prac\u0119 lub om\u00f3wi\u0107 mo\u017cliwo\u015b\u0107 kolaboracji? Skontaktuj si\u0119 z nami, aby wsp\u00f3lnie stworzy\u0107 co\u015b wyj\u0105tkowego:<br \/><a class=\"text-entity-link\" dir=\"auto\" href=\"mailto:happa@happatomame.pl\" target=\"_blank\" rel=\"noopener noreferrer\" data-entity-type=\"MessageEntityEmail\">happa@happatomame.pl<\/a><\/p>\t\t\t\t\t\t\t\t<\/div>\n\t\t\t\t<div class=\"elementor-element elementor-element-1fabba9 elementor-widget__width-inherit elementor-invisible elementor-widget elementor-widget-heading\" data-id=\"1fabba9\" data-element_type=\"widget\" data-settings=\"{&quot;_animation&quot;:&quot;slideInUp&quot;}\" data-widget_type=\"heading.default\">\n\t\t\t\t\t<h3 class=\"elementor-heading-title elementor-size-default\">Obs\u0142uga klienta (B2C i B2B)<\/h3>\t\t\t\t<\/div>\n\t\t\t\t<div class=\"elementor-element elementor-element-f965092 elementor-widget elementor-widget-text-editor\" data-id=\"f965092\" data-element_type=\"widget\" data-widget_type=\"text-editor.default\">\n\t\t\t\t\t\t\t\t\t<p><img decoding=\"async\" class=\"emoji emoji-image\" src=\"https:\/\/web.telegram.org\/k\/assets\/img\/emoji\/1f4de.png\" alt=\"\ud83d\udcde\" \/> +48 733 939 866<\/p>\t\t\t\t\t\t\t\t<\/div>\n\t\t\t\t<div class=\"elementor-element elementor-element-89bb730 elementor-widget elementor-widget-text-editor\" data-id=\"89bb730\" data-element_type=\"widget\" data-widget_type=\"text-editor.default\">\n\t\t\t\t\t\t\t\t\t<p>Wybierz odpowiedni\u0105 kategori\u0119, a nasz zesp\u00f3\u0142 szybko odpowie na Twoje zapytanie!<\/p>\t\t\t\t\t\t\t\t<\/div>\n\t\t\t\t\t<\/div>\n\t\t<\/div>\n\t\t\t\t\t<\/div>\n\t\t<\/section>\n\t\t\t\t<\/div>\n\t\t","protected":false},"excerpt":{"rendered":"<p>Kontakt Dzi\u0119kujemy za zainteresowanie! W zale\u017cno\u015bci od potrzeby, prosimy o wyb\u00f3r odpowiedniego kana\u0142u kontaktowego: Sklep internetowy i zam\u00f3wienia Masz pytania dotycz\u0105ce swojego zam\u00f3wienia, reklamacji, zwrot\u00f3w lub potrzebujesz pomocy przy zakupach? Skontaktuj si\u0119 z nami pod adresem:sklep@happatomame.pl Wsp\u00f3\u0142praca B2B Jeste\u015b zainteresowany wsp\u00f3\u0142prac\u0105 biznesow\u0105, masz pytania dotycz\u0105ce p\u0142atno\u015bci, faktur lub zam\u00f3wie\u0144 hurtowych? Napisz do nas na adres:b2b@happatomame.pl [&hellip;]<\/p>\n","protected":false},"author":1,"featured_media":0,"parent":0,"menu_order":0,"comment_status":"closed","ping_status":"closed","template":"","meta":{"_acf_changed":false,"footnotes":""},"class_list":["post-289","page","type-page","status-publish","hentry"],"acf":[],"_links":{"self":[{"href":"https:\/\/fastgrow.pl\/h4ppa\/wp-json\/wp\/v2\/pages\/289","targetHints":{"allow":["GET"]}}],"collection":[{"href":"https:\/\/fastgrow.pl\/h4ppa\/wp-json\/wp\/v2\/pages"}],"about":[{"href":"https:\/\/fastgrow.pl\/h4ppa\/wp-json\/wp\/v2\/types\/page"}],"author":[{"embeddable":true,"href":"https:\/\/fastgrow.pl\/h4ppa\/wp-json\/wp\/v2\/users\/1"}],"replies":[{"embeddable":true,"href":"https:\/\/fastgrow.pl\/h4ppa\/wp-json\/wp\/v2\/comments?post=289"}],"version-history":[{"count":4,"href":"https:\/\/fastgrow.pl\/h4ppa\/wp-json\/wp\/v2\/pages\/289\/revisions"}],"predecessor-version":[{"id":294,"href":"https:\/\/fastgrow.pl\/h4ppa\/wp-json\/wp\/v2\/pages\/289\/revisions\/294"}],"wp:attachment":[{"href":"https:\/\/fastgrow.pl\/h4ppa\/wp-json\/wp\/v2\/media?parent=289"}],"curies":[{"name":"wp","href":"https:\/\/api.w.org\/{rel}","templated":true}]}}