{"id":900,"date":"2026-02-05T23:39:03","date_gmt":"2026-02-05T22:39:03","guid":{"rendered":"https:\/\/fastgrow.pl\/h4ppa\/?page_id=900"},"modified":"2026-02-06T00:12:54","modified_gmt":"2026-02-05T23:12:54","slug":"rejestracja","status":"publish","type":"page","link":"https:\/\/fastgrow.pl\/h4ppa\/rejestracja\/","title":{"rendered":"Rejestracja"},"content":{"rendered":"\t\t<div data-elementor-type=\"wp-page\" data-elementor-id=\"900\" class=\"elementor elementor-900\" data-elementor-post-type=\"page\">\n\t\t\t\t<div class=\"elementor-element elementor-element-106807b e-flex e-con-boxed e-con e-parent\" data-id=\"106807b\" data-element_type=\"container\">\n\t\t\t\t\t<div class=\"e-con-inner\">\n\t\t<div class=\"elementor-element elementor-element-14a22cb e-con-full e-flex e-con e-child\" data-id=\"14a22cb\" data-element_type=\"container\">\n\t\t\t\t<div class=\"elementor-element elementor-element-04a3d54 elementor-widget__width-auto happa-intro elementor-widget elementor-widget-heading\" data-id=\"04a3d54\" data-element_type=\"widget\" data-widget_type=\"heading.default\">\n\t\t\t\t\t<h2 class=\"elementor-heading-title elementor-size-default\">Do\u0142\u0105cz Do nas<\/h2>\t\t\t\t<\/div>\n\t\t\t\t<div class=\"elementor-element elementor-element-1d5b26a elementor-widget elementor-widget-shortcode\" data-id=\"1d5b26a\" data-element_type=\"widget\" data-widget_type=\"shortcode.default\">\n\t\t\t\t\t\t\t<div class=\"elementor-shortcode\">\t\t\t<h2 class=\"b2bking_b2bregistration_only_register_header\">\r\n\t\t\tZarejestruj si\u0119<\/h2>\r\n\t\t\t<div class=\"woocommerce\">\r\n\t\t\t\t<form method=\"post\" class=\"woocommerce-form woocommerce-form-register register\" enctype=\"multipart\/form-data\" >\r\n\r\n\t\t\t\t\t\r\n\t\t\t\t\t\r\n\t\t\t\t\t<p class=\"woocommerce-form-row woocommerce-form-row--wide form-row form-row-wide\">\r\n\t\t\t\t\t\t<label for=\"reg_email\">Adres e-mail&nbsp;<span class=\"required\">*<\/span><\/label>\r\n\t\t\t\t\t\t<input type=\"email\" class=\"woocommerce-Input woocommerce-Input--text input-text\" name=\"email\" id=\"reg_email\" autocomplete=\"email\" value=\"\" \/>\r\n\t\t\t\t\t<\/p>\r\n\r\n\t\t\t\t\t\r\n\t\t\t\t\t\t<p>A link to set a new password will be sent to your email address.<\/p>\r\n\r\n\t\t\t\t\t\r\n\t\t\t\t\t\t\t\t\t\t\t<p class=\"woocommerce-form-row woocommerce-form-row--wide form-row form-row-wide b2bking_registration_roles_dropdown_section \">\r\n\t\t\t\t\t\t\t\t\t\t\t\t\t\t<label for=\"b2bking_registration_roles_dropdown\">\r\n\t\t\t\t\t\t\t\tTyp u\u017cytkownika&nbsp;<span class=\"required\">*<\/span>\r\n\t\t\t\t\t\t\t<\/label>\r\n\t\t\t\t\t\t\t<select id=\"b2bking_registration_roles_dropdown\" name=\"b2bking_registration_roles_dropdown\" required>\r\n\t\t\t\t\t\t\t\t<option value=\"role_188\" >B2C<\/option><option value=\"role_189\" >B2B<\/option>\t\t\t\t\t\t\t<\/select>\r\n\t\t\t\t\t\t<\/p>\r\n\t\t\t\t\t\t<div class=\" b2bking_custom_registration_container b2bking_custom_registration_container_field_198 b2bking_custom_registration_role_188\"><p class=\"woocommerce-form-row woocommerce-form-row--wide form-row form-row-wide \"><label for=\"b2bking_field_198\">Imi\u0119&nbsp;<span class=\"required\">*<\/span><\/label><input type=\"text\" id=\"b2bking_field_198\" class=\"b2bking_custom_registration_field b2bking_custom_field_req_required\" name=\"b2bking_custom_field_198\" value=\"\" placeholder=\"Wpisz swoje imi\u0119\" required><\/p><\/div><div class=\" b2bking_custom_registration_container b2bking_custom_registration_container_field_199 b2bking_custom_registration_role_188\"><p class=\"woocommerce-form-row woocommerce-form-row--wide form-row form-row-wide \"><label for=\"b2bking_field_199\">Nazwisko&nbsp;<span class=\"required\">*<\/span><\/label><input type=\"text\" id=\"b2bking_field_199\" class=\"b2bking_custom_registration_field b2bking_custom_field_req_required\" name=\"b2bking_custom_field_199\" value=\"\" placeholder=\"Wpisz nazwisko\" required><\/p><\/div><div class=\" b2bking_custom_registration_container b2bking_custom_registration_container_field_200 b2bking_custom_registration_role_189\"><p class=\"woocommerce-form-row woocommerce-form-row--wide form-row form-row-wide \"><label for=\"b2bking_field_200\">Nazwa firmy&nbsp;<span class=\"required\">*<\/span><\/label><input type=\"text\" id=\"b2bking_field_200\" class=\"b2bking_custom_registration_field b2bking_custom_field_req_required\" name=\"b2bking_custom_field_200\" value=\"\" placeholder=\"Nazwa firmy\" required><\/p><\/div><div class=\"b2bking_vat_number_registration_field_container b2bking_custom_registration_container b2bking_custom_registration_container_field_207 b2bking_custom_registration_role_189\"><p class=\"woocommerce-form-row woocommerce-form-row--wide form-row form-row-wide \"><label for=\"b2bking_vat_number_registration_field\">NIP&nbsp;<span class=\"required\">*<\/span><\/label><input type=\"text\" id=\"b2bking_vat_number_registration_field\" class=\"b2bking_custom_registration_field b2bking_custom_field_req_required\" name=\"b2bking_custom_field_207\" value=\"\" placeholder=\"NIP\" required><input type=\"hidden\" id=\"b2bking_vat_number_registration_field_countries\" value=\"AT,BE,BG,HR,CY,CZ,DK,EE,FI,FR,DE,GR,HU,IE,IT,LV,LT,LU,MT,NL,PL,PT,RO,SK,SI,ES,SE\"><input type=\"hidden\" id=\"b2bking_vat_number_registration_field_number\" name=\"b2bking_vat_number_registration_field_number\" value=\"207\"><\/p><\/div><div class=\" b2bking_custom_registration_container b2bking_custom_registration_container_field_201 b2bking_custom_registration_role_188\"><p class=\"woocommerce-form-row woocommerce-form-row--wide form-row form-row-wide \"><label for=\"b2bking_field_201\">Adres zamieszkania&nbsp;<span class=\"required\">*<\/span><\/label><input type=\"text\" id=\"b2bking_field_201\" class=\"b2bking_custom_registration_field b2bking_custom_field_req_required\" name=\"b2bking_custom_field_201\" value=\"\" placeholder=\"Adres zamieszkania\" required><\/p><\/div><div class=\" b2bking_custom_registration_container b2bking_custom_registration_container_field_202 b2bking_custom_registration_role_189\"><p class=\"woocommerce-form-row woocommerce-form-row--wide form-row form-row-wide \"><label for=\"b2bking_field_202\">Siedziba firmy&nbsp;<\/label><input type=\"text\" id=\"b2bking_field_202\" class=\"b2bking_custom_registration_field b2bking_custom_field_req_\" name=\"b2bking_custom_field_202\" value=\"\" placeholder=\"Siedziba firmy\" ><\/p><\/div><div class=\" b2bking_custom_registration_container b2bking_custom_registration_container_field_206 b2bking_custom_registration_allroles\"><p class=\"woocommerce-form-row woocommerce-form-row--wide form-row form-row-wide b2bking_country_or_state\"><label for=\"b2bking_custom_field_206\">Pa\u0144stwo&nbsp;<span class=\"required\">*<\/span><\/label><p class=\"form-row b2bking_country_field_selector b2bking_custom_registration_field b2bking_custom_field_req_required b2bking_country_field_req_required\" id=\"b2bking_custom_field_206_field\" data-priority=\"\"><span class=\"woocommerce-input-wrapper\"><select name=\"b2bking_custom_field_206\" id=\"b2bking_custom_field_206\" class=\"country_to_state country_select \"  data-placeholder=\"Wybierz kraj\/region&hellip;\" ><option value=\"\">Wybierz kraj\/region&hellip;<\/option><option value=\"AF\" >Afganistan<\/option><option value=\"AL\" >Albania<\/option><option value=\"DZ\" >Algieria<\/option><option value=\"AD\" >Andora<\/option><option value=\"AO\" >Angola<\/option><option value=\"AI\" >Anguilla<\/option><option value=\"AQ\" >Antarktyda<\/option><option value=\"AG\" >Antigua i Barbuda<\/option><option value=\"SA\" >Arabia Saudyjska<\/option><option value=\"AR\" >Argentyna<\/option><option value=\"AM\" >Armenia<\/option><option value=\"AW\" >Aruba<\/option><option value=\"AU\" >Australia<\/option><option value=\"AT\" >Austria<\/option><option value=\"AZ\" >Azerbejd\u017can<\/option><option value=\"BS\" >Bahamy<\/option><option value=\"BH\" >Bahrajn<\/option><option value=\"BD\" >Bangladesz<\/option><option value=\"BB\" >Barbados<\/option><option value=\"PW\" >Belau<\/option><option value=\"BE\" >Belgia<\/option><option value=\"BZ\" >Belize<\/option><option value=\"BJ\" >Benin<\/option><option value=\"BM\" >Bermudy<\/option><option value=\"BT\" >Bhutan<\/option><option value=\"BY\" >Bia\u0142oru\u015b<\/option><option value=\"BO\" >Boliwia<\/option><option value=\"BA\" >Bo\u015bnia i Hercegowina<\/option><option value=\"BW\" >Botswana<\/option><option value=\"BR\" >Brazylia<\/option><option value=\"CG\" >Brazzaville<\/option><option value=\"BN\" >Brunei<\/option><option value=\"IO\" >Brytyjskie Terytorium Oceanu Indyjskiego<\/option><option value=\"BG\" >Bu\u0142garia<\/option><option value=\"BF\" >Burkina Faso<\/option><option value=\"BI\" >Burundi<\/option><option value=\"CL\" >Chile<\/option><option value=\"CN\" >Chiny<\/option><option value=\"HR\" >Chorwacja<\/option><option value=\"CW\" >Cura&ccedil;ao<\/option><option value=\"CY\" >Cypr<\/option><option value=\"TD\" >Czad<\/option><option value=\"ME\" >Czarnog\u00f3ra<\/option><option value=\"UM\" >Dalekie Wyspy Mniejsze Stan\u00f3w Zjednoczonych<\/option><option value=\"DK\" >Dania<\/option><option value=\"CD\" >Demokratyczna Republika Konga<\/option><option value=\"DJ\" >D\u017cibuti<\/option><option value=\"EG\" >Egipt<\/option><option value=\"EC\" >Ekwador<\/option><option value=\"ER\" >Erytrea<\/option><option value=\"EE\" >Estonia<\/option><option value=\"SZ\" >Eswatini<\/option><option value=\"ET\" >Etiopia<\/option><option value=\"FK\" >Falklandy<\/option><option value=\"FJ\" >Fid\u017ci<\/option><option value=\"PH\" >Filipiny<\/option><option value=\"FI\" >Finlandia<\/option><option value=\"FR\" >Francja<\/option><option value=\"TF\" >Francuskie Terytoria Po\u0142udniowe<\/option><option value=\"GA\" >Gabon<\/option><option value=\"GM\" >Gambia<\/option><option value=\"GS\" >Georgia Po\u0142udniowa i Sandwich Po\u0142udniowy<\/option><option value=\"GH\" >Ghana<\/option><option value=\"GI\" >Gibraltar<\/option><option value=\"GR\" >Grecja<\/option><option value=\"GD\" >Grenada<\/option><option value=\"GL\" >Grenlandia<\/option><option value=\"GE\" >Gruzja<\/option><option value=\"GU\" >Guam<\/option><option value=\"GG\" >Guernsey<\/option><option value=\"GY\" >Gujana<\/option><option value=\"GF\" >Gujana Francuska<\/option><option value=\"GP\" >Gwadelupa<\/option><option value=\"GT\" >Gwatemala<\/option><option value=\"GN\" >Gwinea<\/option><option value=\"GW\" >Gwinea Bissau<\/option><option value=\"GQ\" >Gwinea R\u00f3wnikowa<\/option><option value=\"HT\" >Haiti<\/option><option value=\"ES\" >Hiszpania<\/option><option value=\"NL\" >Holandia<\/option><option value=\"BQ\" >Holandia Karaibska<\/option><option value=\"HN\" >Honduras<\/option><option value=\"HK\" >Hongkong<\/option><option value=\"IN\" >Indie<\/option><option value=\"ID\" >Indonezja<\/option><option value=\"IQ\" >Irak<\/option><option value=\"IR\" >Iran<\/option><option value=\"IE\" >Irlandia<\/option><option value=\"IS\" >Islandia<\/option><option value=\"IL\" >Izrael<\/option><option value=\"JM\" >Jamajka<\/option><option value=\"JP\" >Japonia<\/option><option value=\"YE\" >Jemen<\/option><option value=\"JE\" >Jersey<\/option><option value=\"JO\" >Jordania<\/option><option value=\"KY\" >Kajmany<\/option><option value=\"KH\" >Kambod\u017ca<\/option><option value=\"CM\" >Kamerun<\/option><option value=\"CA\" >Kanada<\/option><option value=\"QA\" >Katar<\/option><option value=\"KZ\" >Kazachstan<\/option><option value=\"KE\" >Kenia<\/option><option value=\"KG\" >Kirgistan<\/option><option value=\"KI\" >Kiribati<\/option><option value=\"CO\" >Kolumbia<\/option><option value=\"KM\" >Komory<\/option><option value=\"KR\" >Korea Po\u0142udniowa<\/option><option value=\"KP\" >Korea P\u00f3\u0142nocna<\/option><option value=\"XK\" >Kosowo<\/option><option value=\"CR\" >Kostaryka<\/option><option value=\"CU\" >Kuba<\/option><option value=\"KW\" >Kuwejt<\/option><option value=\"LA\" >Laos<\/option><option value=\"LS\" >Lesoto<\/option><option value=\"LB\" >Liban<\/option><option value=\"LR\" >Liberia<\/option><option value=\"LY\" >Libia<\/option><option value=\"LI\" >Liechtenstein<\/option><option value=\"LT\" >Litwa<\/option><option value=\"LU\" >Luksemburg<\/option><option value=\"LV\" >\u0141otwa<\/option><option value=\"MG\" >Madagaskar<\/option><option value=\"YT\" >Majotta<\/option><option value=\"MO\" >Makau<\/option><option value=\"MW\" >Malawi<\/option><option value=\"MV\" >Malediwy<\/option><option value=\"MY\" >Malezja<\/option><option value=\"ML\" >Mali<\/option><option value=\"MT\" >Malta<\/option><option value=\"MP\" >Mariany P\u00f3\u0142nocne<\/option><option value=\"MA\" >Maroko<\/option><option value=\"MQ\" >Martynika<\/option><option value=\"MR\" >Mauretania<\/option><option value=\"MU\" >Mauritius<\/option><option value=\"MX\" >Meksyk<\/option><option value=\"FM\" >Mikronezja<\/option><option value=\"MM\" >Mjanma<\/option><option value=\"MD\" >Mo\u0142dawia<\/option><option value=\"MC\" >Monako<\/option><option value=\"MN\" >Mongolia<\/option><option value=\"MS\" >Montserrat<\/option><option value=\"MZ\" >Mozambik<\/option><option value=\"NA\" >Namibia<\/option><option value=\"NR\" >Nauru<\/option><option value=\"NP\" >Nepal<\/option><option value=\"DE\" >Niemcy<\/option><option value=\"NE\" >Niger<\/option><option value=\"NG\" >Nigeria<\/option><option value=\"NI\" >Nikaragua<\/option><option value=\"NU\" >Niue<\/option><option value=\"NF\" >Norfolk<\/option><option value=\"NO\" >Norwegia<\/option><option value=\"NC\" >Nowa Kaledonia<\/option><option value=\"NZ\" >Nowa Zelandia<\/option><option value=\"OM\" >Oman<\/option><option value=\"PK\" >Pakistan<\/option><option value=\"PA\" >Panama<\/option><option value=\"PG\" >Papua-Nowa Gwinea<\/option><option value=\"PY\" >Paragwaj<\/option><option value=\"PE\" >Peru<\/option><option value=\"PN\" >Pitcairn<\/option><option value=\"PF\" >Polinezja Francuska<\/option><option value=\"PL\" >Polska<\/option><option value=\"PR\" >Portoryko<\/option><option value=\"PT\" >Portugalia<\/option><option value=\"MK\" >P\u00f3\u0142nocna Macedonia<\/option><option value=\"CZ\" >Republika Czeska<\/option><option value=\"DO\" >Republika Dominika\u0144ska<\/option><option value=\"ZA\" >Republika Po\u0142udniowej Afryki<\/option><option value=\"CF\" >Republika \u015arodkowoafryka\u0144ska<\/option><option value=\"CV\" >Republika Zielonego Przyl\u0105dka<\/option><option value=\"RE\" >Reunion<\/option><option value=\"RU\" >Rosja<\/option><option value=\"RO\" >Rumunia<\/option><option value=\"RW\" >Rwanda<\/option><option value=\"EH\" >Sahara Zachodnia<\/option><option value=\"KN\" >Saint Kitts i Nevis<\/option><option value=\"LC\" >Saint Lucia<\/option><option value=\"VC\" >Saint Vincent i Grenadyny<\/option><option value=\"BL\" >Saint-Barth&eacute;lemy<\/option><option value=\"MF\" >Saint-Martin<\/option><option value=\"PM\" >Saint-Pierre i Miquelon<\/option><option value=\"SV\" >Salwador<\/option><option value=\"WS\" >Samoa<\/option><option value=\"AS\" >Samoa Ameryka\u0144skie<\/option><option value=\"SM\" >San Marino<\/option><option value=\"SN\" >Senegal<\/option><option value=\"RS\" >Serbia<\/option><option value=\"SC\" >Seszele<\/option><option value=\"SL\" >Sierra Leone<\/option><option value=\"SG\" >Singapur<\/option><option value=\"SX\" >Sint Maarten<\/option><option value=\"SK\" >S\u0142owacja<\/option><option value=\"SI\" >S\u0142owenia<\/option><option value=\"SO\" >Somalia<\/option><option value=\"LK\" >Sri Lanka<\/option><option value=\"US\" >Stany Zjednoczone<\/option><option value=\"SD\" >Sudan<\/option><option value=\"SS\" >Sudan Po\u0142udniowy<\/option><option value=\"SR\" >Surinam<\/option><option value=\"SJ\" >Svalbard i Jan Mayen<\/option><option value=\"SY\" >Syria<\/option><option value=\"CH\" >Szwajcaria<\/option><option value=\"SE\" >Szwecja<\/option><option value=\"TJ\" >Tad\u017cykistan<\/option><option value=\"TH\" >Tajlandia<\/option><option value=\"TW\" >Tajwan<\/option><option value=\"TZ\" >Tanzania<\/option><option value=\"PS\" >Terytoria palesty\u0144skie<\/option><option value=\"TL\" >Timor Wschodni<\/option><option value=\"TG\" >Togo<\/option><option value=\"TK\" >Tokelau<\/option><option value=\"TO\" >Tonga<\/option><option value=\"TT\" >Trynidad i Tobago<\/option><option value=\"TN\" >Tunezja<\/option><option value=\"TR\" >Turcja<\/option><option value=\"TM\" >Turkmenistan<\/option><option value=\"TC\" >Turks i Caicos<\/option><option value=\"TV\" >Tuvalu<\/option><option value=\"UG\" >Uganda<\/option><option value=\"UA\" >Ukraina<\/option><option value=\"UY\" >Urugwaj<\/option><option value=\"UZ\" >Uzbekistan<\/option><option value=\"VU\" >Vanuatu<\/option><option value=\"WF\" >Wallis i Futuna<\/option><option value=\"VA\" >Watykan<\/option><option value=\"VE\" >Wenezuela<\/option><option value=\"HU\" >W\u0119gry<\/option><option value=\"VN\" >Wietnam<\/option><option value=\"IT\" >W\u0142ochy<\/option><option value=\"DM\" >Wsp\u00f3lnota Dominiki<\/option><option value=\"CI\" >Wybrze\u017ce Ko\u015bci S\u0142oniowej<\/option><option value=\"BV\" >Wyspa Bouveta<\/option><option value=\"CX\" >Wyspa Bo\u017cego Narodzenia<\/option><option value=\"IM\" >Wyspa Man<\/option><option value=\"SH\" >Wyspa \u015awi\u0119tej Heleny<\/option><option value=\"AX\" >Wyspy Alandzkie<\/option><option value=\"CK\" >Wyspy Cooka<\/option><option value=\"VI\" >Wyspy Dziewicze (USA)<\/option><option value=\"VG\" >Wyspy Dziewicze (Wielka Brytania)<\/option><option value=\"HM\" >Wyspy Heard i McDonald<\/option><option value=\"CC\" >Wyspy Kokosowe<\/option><option value=\"MH\" >Wyspy Marshalla<\/option><option value=\"FO\" >Wyspy Owcze<\/option><option value=\"SB\" >Wyspy Salomona<\/option><option value=\"ST\" >Wyspy \u015awi\u0119tego Tomasza i Ksi\u0105\u017c\u0119ca<\/option><option value=\"ZM\" >Zambia<\/option><option value=\"ZW\" >Zimbabwe<\/option><option value=\"AE\" >Zjednoczone Emiraty Arabskie<\/option><option value=\"GB\" >Zjednoczone Kr\u00f3lestwo (UK)<\/option><\/select><noscript><button type=\"submit\" name=\"woocommerce_checkout_update_totals\" value=\"Zaktualizuj kraj \/ region\">Zaktualizuj kraj \/ region<\/button><\/noscript><\/span><\/p><p class=\"form-row b2bking_custom_registration_field b2bking_custom_field_req_required\" id=\"billing_state_field\" data-priority=\"\"><span class=\"woocommerce-input-wrapper\"><input type=\"text\" class=\"input-text \" value=\"\"  placeholder=\"Region \/ Wojew\u00f3dztwo\" name=\"billing_state\" id=\"billing_state\"  data-input-classes=\"\"\/><\/span><\/p><input type=\"hidden\" id=\"b2bking_country_registration_field_number\" name=\"b2bking_country_registration_field_number\" value=\"206\"><\/p><\/div><div class=\" b2bking_custom_registration_container b2bking_custom_registration_container_field_203 b2bking_custom_registration_allroles\"><p class=\"woocommerce-form-row woocommerce-form-row--wide form-row form-row-wide \"><label for=\"b2bking_field_203\">Miejscowo\u015b\u0107&nbsp;<span class=\"required\">*<\/span><\/label><input type=\"text\" id=\"b2bking_field_203\" class=\"b2bking_custom_registration_field b2bking_custom_field_req_required\" name=\"b2bking_custom_field_203\" value=\"\" placeholder=\"Miejscowo\u015b\u0107\" required><\/p><\/div><div class=\" b2bking_custom_registration_container b2bking_custom_registration_container_field_204 b2bking_custom_registration_allroles\"><p class=\"woocommerce-form-row woocommerce-form-row--wide form-row form-row-wide \"><label for=\"b2bking_field_204\">Kod pocztowy&nbsp;<span class=\"required\">*<\/span><\/label><input type=\"text\" id=\"b2bking_field_204\" class=\"b2bking_custom_registration_field b2bking_custom_field_req_required\" name=\"b2bking_custom_field_204\" value=\"\" placeholder=\"Kod pocztowy\" required><\/p><\/div><div class=\" b2bking_custom_registration_container b2bking_custom_registration_container_field_205 b2bking_custom_registration_role_189\"><p class=\"woocommerce-form-row woocommerce-form-row--wide form-row form-row-wide \"><label for=\"b2bking_field_205\">Telefon kontaktowy&nbsp;<span class=\"required\">*<\/span><\/label><input id=\"b2bking_field_205\" type=\"tel\" class=\"b2bking_custom_registration_field b2bking_custom_field_req_required\" name=\"b2bking_custom_field_205\" value=\"\" placeholder=\"Telefon kontaktowy\" required><\/p><\/div><wc-order-attribution-inputs><\/wc-order-attribution-inputs><div class=\"woocommerce-privacy-policy-text\"><p>Twoje dane osobowe zostan\u0105 u\u017cyte do obs\u0142ugi twojej wizyty na naszej stronie, zarz\u0105dzania dost\u0119pem do twojego konta i dla innych cel\u00f3w o kt\u00f3rych m\u00f3wi nasza <a href=\"https:\/\/fastgrow.pl\/h4ppa\/polityka-prywatnosci\/\" class=\"woocommerce-privacy-policy-link\" target=\"_blank\">polityka prywatno\u015bci<\/a>.<\/p>\n<\/div>\r\n\t\t\t\t\t<p class=\"woocommerce-form-row form-row\">\r\n\t\t\t\t\t\t<input type=\"hidden\" id=\"woocommerce-register-nonce\" name=\"woocommerce-register-nonce\" value=\"aa429d770f\" \/><input type=\"hidden\" name=\"_wp_http_referer\" value=\"\/h4ppa\/wp-json\/wp\/v2\/pages\/900\" \/>\t\t\t\t\t\t<button type=\"submit\" class=\"woocommerce-Button woocommerce-button button woocommerce-form-register__submit\" name=\"register\" value=\"Zarejestruj si\u0119\">Zarejestruj si\u0119<\/button>\r\n\t\t\t\t\t<\/p>\r\n\r\n\t\t\t\t\t\r\n\t\t\t\t<\/form>\r\n\t\t\t<\/div>\r\n\t\t\t<\/div>\n\t\t\t\t\t\t<\/div>\n\t\t\t\t<\/div>\n\t\t<div class=\"elementor-element elementor-element-2557ce7 e-con-full e-flex e-con e-child\" data-id=\"2557ce7\" data-element_type=\"container\" data-settings=\"{&quot;background_background&quot;:&quot;classic&quot;}\">\n\t\t\t\t<\/div>\n\t\t\t\t\t<\/div>\n\t\t\t\t<\/div>\n\t\t\t\t<\/div>\n\t\t","protected":false},"excerpt":{"rendered":"<p>Do\u0142\u0105cz Do nas<\/p>\n","protected":false},"author":1,"featured_media":0,"parent":0,"menu_order":0,"comment_status":"closed","ping_status":"closed","template":"","meta":{"_acf_changed":false,"footnotes":""},"class_list":["post-900","page","type-page","status-publish","hentry"],"acf":[],"_links":{"self":[{"href":"https:\/\/fastgrow.pl\/h4ppa\/wp-json\/wp\/v2\/pages\/900","targetHints":{"allow":["GET"]}}],"collection":[{"href":"https:\/\/fastgrow.pl\/h4ppa\/wp-json\/wp\/v2\/pages"}],"about":[{"href":"https:\/\/fastgrow.pl\/h4ppa\/wp-json\/wp\/v2\/types\/page"}],"author":[{"embeddable":true,"href":"https:\/\/fastgrow.pl\/h4ppa\/wp-json\/wp\/v2\/users\/1"}],"replies":[{"embeddable":true,"href":"https:\/\/fastgrow.pl\/h4ppa\/wp-json\/wp\/v2\/comments?post=900"}],"version-history":[{"count":13,"href":"https:\/\/fastgrow.pl\/h4ppa\/wp-json\/wp\/v2\/pages\/900\/revisions"}],"predecessor-version":[{"id":917,"href":"https:\/\/fastgrow.pl\/h4ppa\/wp-json\/wp\/v2\/pages\/900\/revisions\/917"}],"wp:attachment":[{"href":"https:\/\/fastgrow.pl\/h4ppa\/wp-json\/wp\/v2\/media?parent=900"}],"curies":[{"name":"wp","href":"https:\/\/api.w.org\/{rel}","templated":true}]}}