{"id":1070,"date":"2026-02-09T16:17:05","date_gmt":"2026-02-09T15:17:05","guid":{"rendered":"https:\/\/fastgrow.pl\/h4ppa\/?post_type=product&#038;p=1070"},"modified":"2026-02-10T10:24:31","modified_gmt":"2026-02-10T09:24:31","slug":"matcha-kiso-50g","status":"publish","type":"product","link":"https:\/\/fastgrow.pl\/h4ppa\/produkt\/matcha-kiso-50g\/","title":{"rendered":"Matcha KISO 50g"},"content":{"rendered":"<p data-start=\"376\" data-end=\"685\">Matcha KISO to pierwsza matcha od HAPPA TO MAME i symbol naszego pocz\u0105tku. Pochodzi z Uji w prefekturze Kioto i powstaje z po\u0142\u0105czenia dw\u00f3ch zbior\u00f3w &#8211; \u0142\u0105czy intensywno\u015b\u0107 drugiego zbioru z delikatno\u015bci\u0105 pierwszego, tworz\u0105c harmonijny i wszechstronny smak.<\/p>\n<p data-start=\"687\" data-end=\"935\">Mielona na bie\u017c\u0105co przed ka\u017cdym zam\u00f3wieniem, trafia do nas zawsze \u015bwie\u017ca. Jej wyrazisty smak, kolor i aromat sprawiaj\u0105, \u017ce doskonale nadaje si\u0119 do \u0142\u0105czenia &#8211; od klasycznego matcha latte, przez desery i wypieki, a\u017c po nowoczesne napoje i koktajle.<\/p>\n<p data-start=\"937\" data-end=\"1268\">Matcha (\u62b9\u8336) to zielona herbata wytwarzana z tenchy. Do Japonii trafi\u0142a w XII wieku i od tamtej pory pozostaje jednym z filar\u00f3w japo\u0144skiej kultury. Wyj\u0105tkowo\u015b\u0107 matchy bierze si\u0119 ze sposobu uprawy &#8211; krzewy s\u0105 zacieniane grubymi plandekami, co pozwala zachowa\u0107 delikatny smak, intensywny zielony kolor i naturalne w\u0142a\u015bciwo\u015bci.<\/p>\n<p data-start=\"1270\" data-end=\"1389\">Sk\u0142ad: 100% japo\u0144ska herbata matcha (Camellia sinensis).<br data-start=\"1326\" data-end=\"1329\" \/>Uprawiana, mielona i pakowana w Japonii dla HAPPA TO MAME.<\/p>\n","protected":false},"excerpt":{"rendered":"<p>Matcha KISO to pierwsza matcha od HAPPA TO MAME i symbol naszego pocz\u0105tku. Pochodzi z Uji w prefekturze Kioto i powstaje z po\u0142\u0105czenia dw\u00f3ch zbior\u00f3w &#8211; \u0142\u0105czy intensywno\u015b\u0107 drugiego zbioru z delikatno\u015bci\u0105 pierwszego, tworz\u0105c harmonijny i wszechstronny smak. Mielona na bie\u017c\u0105co przed ka\u017cdym zam\u00f3wieniem, trafia do nas zawsze \u015bwie\u017ca. Jej wyrazisty smak, kolor i aromat [&hellip;]<\/p>\n","protected":false},"featured_media":127,"comment_status":"open","ping_status":"closed","template":"","meta":{"_acf_changed":false},"product_brand":[],"product_cat":[24],"product_tag":[],"class_list":{"0":"post-1070","1":"product","2":"type-product","3":"status-publish","4":"has-post-thumbnail","6":"product_cat-matcha","8":"first","9":"instock","10":"taxable","11":"shipping-taxable","12":"purchasable","13":"product-type-simple"},"acf":[],"_links":{"self":[{"href":"https:\/\/fastgrow.pl\/h4ppa\/wp-json\/wp\/v2\/product\/1070","targetHints":{"allow":["GET"]}}],"collection":[{"href":"https:\/\/fastgrow.pl\/h4ppa\/wp-json\/wp\/v2\/product"}],"about":[{"href":"https:\/\/fastgrow.pl\/h4ppa\/wp-json\/wp\/v2\/types\/product"}],"replies":[{"embeddable":true,"href":"https:\/\/fastgrow.pl\/h4ppa\/wp-json\/wp\/v2\/comments?post=1070"}],"wp:featuredmedia":[{"embeddable":true,"href":"https:\/\/fastgrow.pl\/h4ppa\/wp-json\/wp\/v2\/media\/127"}],"wp:attachment":[{"href":"https:\/\/fastgrow.pl\/h4ppa\/wp-json\/wp\/v2\/media?parent=1070"}],"wp:term":[{"taxonomy":"product_brand","embeddable":true,"href":"https:\/\/fastgrow.pl\/h4ppa\/wp-json\/wp\/v2\/product_brand?post=1070"},{"taxonomy":"product_cat","embeddable":true,"href":"https:\/\/fastgrow.pl\/h4ppa\/wp-json\/wp\/v2\/product_cat?post=1070"},{"taxonomy":"product_tag","embeddable":true,"href":"https:\/\/fastgrow.pl\/h4ppa\/wp-json\/wp\/v2\/product_tag?post=1070"}],"curies":[{"name":"wp","href":"https:\/\/api.w.org\/{rel}","templated":true}]}}