{"id":124,"date":"2026-02-02T09:59:56","date_gmt":"2026-02-02T08:59:56","guid":{"rendered":"https:\/\/fastgrow.pl\/h4ppa\/?post_type=product&#038;p=124"},"modified":"2026-02-05T22:41:40","modified_gmt":"2026-02-05T21:41:40","slug":"gyokuro-tea-bag-10x3g-2","status":"publish","type":"product","link":"https:\/\/fastgrow.pl\/h4ppa\/produkt\/gyokuro-tea-bag-10x3g-2\/","title":{"rendered":"Gyokuro Tea Bag 10x3g"},"content":{"rendered":"<p>Uwa\u017cana za najwy\u017cszej jako\u015bci japo\u0144sk\u0105 zielon\u0105 herbat\u0119, teraz dost\u0119pna w rewolucyjnej, szybkiej formie! Aby cieszy\u0107 si\u0119 smakiem autentycznego gyokuro, z delikatnym umami i \u0142agodnym smakiem, wystarczy doda\u0107 jedn\u0105 torebk\u0119 gyokuro do fili\u017canki, zala\u0107 gor\u0105c\u0105 wod\u0105 i poczeka\u0107 1,5-2 minuty.<\/p>\n<p>Do produkcji torebek wybieramy wy\u0142\u0105cznie najlepsze li\u015bcie herbaty, kt\u00f3re s\u0105 specjalnie przetwarzane, aby ka\u017cda fili\u017canka by\u0142a idealnym szybkim naparem.<\/p>\n<p>Sk\u0142adniki: Herbata zielona Gyokuro 100%.<\/p>\n<p>10x3g PLA, kompostowalne torebki herbaty.<\/p>\n","protected":false},"excerpt":{"rendered":"<p>Uwa\u017cana za najwy\u017cszej jako\u015bci japo\u0144sk\u0105 zielon\u0105 herbat\u0119, teraz dost\u0119pna w rewolucyjnej, szybkiej formie! Aby cieszy\u0107 si\u0119 smakiem autentycznego gyokuro, z delikatnym umami i \u0142agodnym smakiem, wystarczy doda\u0107 jedn\u0105 torebk\u0119 gyokuro do fili\u017canki, zala\u0107 gor\u0105c\u0105 wod\u0105 i poczeka\u0107 1,5-2 minuty. Do produkcji torebek wybieramy wy\u0142\u0105cznie najlepsze li\u015bcie herbaty, kt\u00f3re s\u0105 specjalnie przetwarzane, aby ka\u017cda fili\u017canka by\u0142a [&hellip;]<\/p>\n","protected":false},"featured_media":125,"comment_status":"open","ping_status":"closed","template":"","meta":{"_acf_changed":false},"product_brand":[],"product_cat":[67],"product_tag":[],"class_list":{"0":"post-124","1":"product","2":"type-product","3":"status-publish","4":"has-post-thumbnail","6":"product_cat-herbaty-codzienne","8":"first","9":"instock","10":"sale","11":"taxable","12":"shipping-taxable","13":"purchasable","14":"product-type-simple"},"acf":[],"_links":{"self":[{"href":"https:\/\/fastgrow.pl\/h4ppa\/wp-json\/wp\/v2\/product\/124","targetHints":{"allow":["GET"]}}],"collection":[{"href":"https:\/\/fastgrow.pl\/h4ppa\/wp-json\/wp\/v2\/product"}],"about":[{"href":"https:\/\/fastgrow.pl\/h4ppa\/wp-json\/wp\/v2\/types\/product"}],"replies":[{"embeddable":true,"href":"https:\/\/fastgrow.pl\/h4ppa\/wp-json\/wp\/v2\/comments?post=124"}],"wp:featuredmedia":[{"embeddable":true,"href":"https:\/\/fastgrow.pl\/h4ppa\/wp-json\/wp\/v2\/media\/125"}],"wp:attachment":[{"href":"https:\/\/fastgrow.pl\/h4ppa\/wp-json\/wp\/v2\/media?parent=124"}],"wp:term":[{"taxonomy":"product_brand","embeddable":true,"href":"https:\/\/fastgrow.pl\/h4ppa\/wp-json\/wp\/v2\/product_brand?post=124"},{"taxonomy":"product_cat","embeddable":true,"href":"https:\/\/fastgrow.pl\/h4ppa\/wp-json\/wp\/v2\/product_cat?post=124"},{"taxonomy":"product_tag","embeddable":true,"href":"https:\/\/fastgrow.pl\/h4ppa\/wp-json\/wp\/v2\/product_tag?post=124"}],"curies":[{"name":"wp","href":"https:\/\/api.w.org\/{rel}","templated":true}]}}