{"id":132,"date":"2026-02-02T11:06:50","date_gmt":"2026-02-02T10:06:50","guid":{"rendered":"https:\/\/fastgrow.pl\/h4ppa\/?post_type=product&#038;p=132"},"modified":"2026-02-05T22:40:56","modified_gmt":"2026-02-05T21:40:56","slug":"zero-ni-02-sencha-50g","status":"publish","type":"product","link":"https:\/\/fastgrow.pl\/h4ppa\/produkt\/zero-ni-02-sencha-50g\/","title":{"rendered":"Zero Ni (02) Sencha 50g"},"content":{"rendered":"<p><strong>ZERO NI<\/strong> to kabusecha o mi\u0119kkiej strukturze i intensywnie zielonym kolorze, kt\u00f3re harmonijnie wsp\u00f3\u0142graj\u0105 z jej bogatym smakiem. Delikatna s\u0142odycz nadaje naparowi subtelny, elegancki charakter. Spakowana w aluminiow\u0105 puszk\u0119, kt\u00f3rej podw\u00f3jne zamkni\u0119cie chroni herbat\u0119 przed wysuszeniem. W zestawie znajdziesz tak\u017ce instrukcj\u0119 parzenia herbaty.<\/p>\n","protected":false},"excerpt":{"rendered":"<p>ZERO NI to kabusecha o mi\u0119kkiej strukturze i intensywnie zielonym kolorze, kt\u00f3re harmonijnie wsp\u00f3\u0142graj\u0105 z jej bogatym smakiem. Delikatna s\u0142odycz nadaje naparowi subtelny, elegancki charakter. Spakowana w aluminiow\u0105 puszk\u0119, kt\u00f3rej podw\u00f3jne zamkni\u0119cie chroni herbat\u0119 przed wysuszeniem. W zestawie znajdziesz tak\u017ce instrukcj\u0119 parzenia herbaty.<\/p>\n","protected":false},"featured_media":133,"comment_status":"open","ping_status":"closed","template":"","meta":{"_acf_changed":false},"product_brand":[],"product_cat":[27],"product_tag":[],"class_list":{"0":"post-132","1":"product","2":"type-product","3":"status-publish","4":"has-post-thumbnail","6":"product_cat-herbaty-speciality","8":"first","9":"instock","10":"taxable","11":"shipping-taxable","12":"purchasable","13":"product-type-simple"},"acf":[],"_links":{"self":[{"href":"https:\/\/fastgrow.pl\/h4ppa\/wp-json\/wp\/v2\/product\/132","targetHints":{"allow":["GET"]}}],"collection":[{"href":"https:\/\/fastgrow.pl\/h4ppa\/wp-json\/wp\/v2\/product"}],"about":[{"href":"https:\/\/fastgrow.pl\/h4ppa\/wp-json\/wp\/v2\/types\/product"}],"replies":[{"embeddable":true,"href":"https:\/\/fastgrow.pl\/h4ppa\/wp-json\/wp\/v2\/comments?post=132"}],"wp:featuredmedia":[{"embeddable":true,"href":"https:\/\/fastgrow.pl\/h4ppa\/wp-json\/wp\/v2\/media\/133"}],"wp:attachment":[{"href":"https:\/\/fastgrow.pl\/h4ppa\/wp-json\/wp\/v2\/media?parent=132"}],"wp:term":[{"taxonomy":"product_brand","embeddable":true,"href":"https:\/\/fastgrow.pl\/h4ppa\/wp-json\/wp\/v2\/product_brand?post=132"},{"taxonomy":"product_cat","embeddable":true,"href":"https:\/\/fastgrow.pl\/h4ppa\/wp-json\/wp\/v2\/product_cat?post=132"},{"taxonomy":"product_tag","embeddable":true,"href":"https:\/\/fastgrow.pl\/h4ppa\/wp-json\/wp\/v2\/product_tag?post=132"}],"curies":[{"name":"wp","href":"https:\/\/api.w.org\/{rel}","templated":true}]}}