{"id":804,"date":"2026-02-05T16:59:21","date_gmt":"2026-02-05T15:59:21","guid":{"rendered":"https:\/\/fastgrow.pl\/h4ppa\/?post_type=product&#038;p=804"},"modified":"2026-02-05T16:59:21","modified_gmt":"2026-02-05T15:59:21","slug":"ultimate-matcha-box","status":"publish","type":"product","link":"https:\/\/fastgrow.pl\/h4ppa\/produkt\/ultimate-matcha-box\/","title":{"rendered":"Ultimate Matcha Box"},"content":{"rendered":"<p>To kompletny zestaw do przygotowania matcha latte i deser\u00f3w na bazie naszej Matcha KISO 50 g.<\/p>\n<p>W sk\u0142ad zestawu wchodz\u0105:<\/p>\n<ul>\n<li>Katakuchi czarno-niebieski \u2013 r\u0119cznie wykonane naczynie z Japonii,<\/li>\n<li>Chasen \u2013 tradycyjna miote\u0142ka do spieniania matcha,<\/li>\n<li>Chashaku \u2013 bambusowa \u0142y\u017ceczka do odmierzania porcji,<\/li>\n<li>Matcha KISO 50 g \u2013 nasza flagowa matcha klasy kulinarnej premium,<\/li>\n<\/ul>\n<p>Pude\u0142ko prezentowe z japo\u0144skiego papieru Washi ze z\u0142otym grawerem logo Happa to Mame.<\/p>\n<p>To idealny prezent dla ka\u017cdego, kto ceni autentyczn\u0105 matcha i pi\u0119kne japo\u0144skie rzemios\u0142o.<\/p>\n<p>ILO\u015a\u0106 LIMITOWANA!<\/p>\n","protected":false},"excerpt":{"rendered":"<p>To kompletny zestaw do przygotowania matcha latte i deser\u00f3w na bazie naszej Matcha KISO 50 g. W sk\u0142ad zestawu wchodz\u0105: Katakuchi czarno-niebieski \u2013 r\u0119cznie wykonane naczynie z Japonii, Chasen \u2013 tradycyjna miote\u0142ka do spieniania matcha, Chashaku \u2013 bambusowa \u0142y\u017ceczka do odmierzania porcji, Matcha KISO 50 g \u2013 nasza flagowa matcha klasy kulinarnej premium, Pude\u0142ko prezentowe [&hellip;]<\/p>\n","protected":false},"featured_media":808,"comment_status":"open","ping_status":"closed","template":"","meta":{"_acf_changed":false},"product_brand":[],"product_cat":[26],"product_tag":[],"class_list":{"0":"post-804","1":"product","2":"type-product","3":"status-publish","4":"has-post-thumbnail","6":"product_cat-zestawy","8":"first","9":"outofstock","10":"taxable","11":"shipping-taxable","12":"purchasable","13":"product-type-simple"},"acf":[],"_links":{"self":[{"href":"https:\/\/fastgrow.pl\/h4ppa\/wp-json\/wp\/v2\/product\/804","targetHints":{"allow":["GET"]}}],"collection":[{"href":"https:\/\/fastgrow.pl\/h4ppa\/wp-json\/wp\/v2\/product"}],"about":[{"href":"https:\/\/fastgrow.pl\/h4ppa\/wp-json\/wp\/v2\/types\/product"}],"replies":[{"embeddable":true,"href":"https:\/\/fastgrow.pl\/h4ppa\/wp-json\/wp\/v2\/comments?post=804"}],"wp:featuredmedia":[{"embeddable":true,"href":"https:\/\/fastgrow.pl\/h4ppa\/wp-json\/wp\/v2\/media\/808"}],"wp:attachment":[{"href":"https:\/\/fastgrow.pl\/h4ppa\/wp-json\/wp\/v2\/media?parent=804"}],"wp:term":[{"taxonomy":"product_brand","embeddable":true,"href":"https:\/\/fastgrow.pl\/h4ppa\/wp-json\/wp\/v2\/product_brand?post=804"},{"taxonomy":"product_cat","embeddable":true,"href":"https:\/\/fastgrow.pl\/h4ppa\/wp-json\/wp\/v2\/product_cat?post=804"},{"taxonomy":"product_tag","embeddable":true,"href":"https:\/\/fastgrow.pl\/h4ppa\/wp-json\/wp\/v2\/product_tag?post=804"}],"curies":[{"name":"wp","href":"https:\/\/api.w.org\/{rel}","templated":true}]}}