{"id":872,"date":"2026-02-05T22:02:32","date_gmt":"2026-02-05T21:02:32","guid":{"rendered":"https:\/\/fastgrow.pl\/h4ppa\/?post_type=product&#038;p=872"},"modified":"2026-02-05T22:02:32","modified_gmt":"2026-02-05T21:02:32","slug":"zero-san-03-sencha-50g","status":"publish","type":"product","link":"https:\/\/fastgrow.pl\/h4ppa\/produkt\/zero-san-03-sencha-50g\/","title":{"rendered":"Zero San (03) Sencha 50g"},"content":{"rendered":"<div class=\"content-inner\" dir=\"auto\">\n<div class=\"text-content clearfix with-meta\" dir=\"auto\">ZERO SAN to Twoja nowa ulubiona sencha. Uprawiana na zboczach g\u00f3rskich, charakteryzuje si\u0119 wyj\u0105tkowo delikatnym smakiem i aromatami bia\u0142ych kwiat\u00f3w. ZERO SAN to najwy\u017cszej jako\u015bci li\u015bcie, kt\u00f3rych zaparzeniem mo\u017cesz cieszy\u0107 si\u0119 a\u017c trzy razy, za ka\u017cdym razem zachwycaj\u0105c si\u0119 nowymi nutami smakowymi.<br \/>\nSpakowana w aluminiow\u0105 puszk\u0119, kt\u00f3rej podw\u00f3jne zamkni\u0119cie chroni herbat\u0119 przed wysuszeniem.<br \/>\nW zestawie znajdziesz tak\u017ce instrukcj\u0119 parzenia herbaty<\/div>\n<\/div>\n<div class=\"message-action-buttons\"><\/div>\n","protected":false},"excerpt":{"rendered":"<p>ZERO SAN to Twoja nowa ulubiona sencha. Uprawiana na zboczach g\u00f3rskich, charakteryzuje si\u0119 wyj\u0105tkowo delikatnym smakiem i aromatami bia\u0142ych kwiat\u00f3w. ZERO SAN to najwy\u017cszej jako\u015bci li\u015bcie, kt\u00f3rych zaparzeniem mo\u017cesz cieszy\u0107 si\u0119 a\u017c trzy razy, za ka\u017cdym razem zachwycaj\u0105c si\u0119 nowymi nutami smakowymi. Spakowana w aluminiow\u0105 puszk\u0119, kt\u00f3rej podw\u00f3jne zamkni\u0119cie chroni herbat\u0119 przed wysuszeniem. W zestawie [&hellip;]<\/p>\n","protected":false},"featured_media":818,"comment_status":"open","ping_status":"closed","template":"","meta":{"_acf_changed":false},"product_brand":[],"product_cat":[27],"product_tag":[],"class_list":{"0":"post-872","1":"product","2":"type-product","3":"status-publish","4":"has-post-thumbnail","6":"product_cat-herbaty-speciality","8":"first","9":"instock","10":"taxable","11":"shipping-taxable","12":"purchasable","13":"product-type-simple"},"acf":[],"_links":{"self":[{"href":"https:\/\/fastgrow.pl\/h4ppa\/wp-json\/wp\/v2\/product\/872","targetHints":{"allow":["GET"]}}],"collection":[{"href":"https:\/\/fastgrow.pl\/h4ppa\/wp-json\/wp\/v2\/product"}],"about":[{"href":"https:\/\/fastgrow.pl\/h4ppa\/wp-json\/wp\/v2\/types\/product"}],"replies":[{"embeddable":true,"href":"https:\/\/fastgrow.pl\/h4ppa\/wp-json\/wp\/v2\/comments?post=872"}],"wp:featuredmedia":[{"embeddable":true,"href":"https:\/\/fastgrow.pl\/h4ppa\/wp-json\/wp\/v2\/media\/818"}],"wp:attachment":[{"href":"https:\/\/fastgrow.pl\/h4ppa\/wp-json\/wp\/v2\/media?parent=872"}],"wp:term":[{"taxonomy":"product_brand","embeddable":true,"href":"https:\/\/fastgrow.pl\/h4ppa\/wp-json\/wp\/v2\/product_brand?post=872"},{"taxonomy":"product_cat","embeddable":true,"href":"https:\/\/fastgrow.pl\/h4ppa\/wp-json\/wp\/v2\/product_cat?post=872"},{"taxonomy":"product_tag","embeddable":true,"href":"https:\/\/fastgrow.pl\/h4ppa\/wp-json\/wp\/v2\/product_tag?post=872"}],"curies":[{"name":"wp","href":"https:\/\/api.w.org\/{rel}","templated":true}]}}