{"id":889,"date":"2026-02-05T22:34:49","date_gmt":"2026-02-05T21:34:49","guid":{"rendered":"https:\/\/fastgrow.pl\/h4ppa\/?post_type=product&#038;p=889"},"modified":"2026-02-09T15:15:45","modified_gmt":"2026-02-09T14:15:45","slug":"podstawka-pod-chasen","status":"publish","type":"product","link":"https:\/\/fastgrow.pl\/h4ppa\/produkt\/podstawka-pod-chasen\/","title":{"rendered":"Podstawka pod chasen"},"content":{"rendered":"<p>Podstawka pod Chasen to niezb\u0119dne akcesorium dla ka\u017cdego mi\u0142o\u015bnika matcha, kt\u00f3re pomaga w utrzymaniu chasenu w idealnym stanie. Wykonana z trwa\u0142ych materia\u0142\u00f3w, podstawka zapewnia stabilne wsparcie dla bambusowego chasenu, co zapobiega jego deformacji i przed\u0142u\u017ca jego \u017cywotno\u015b\u0107. Stylowy design sprawia, \u017ce jest nie tylko praktyczna, ale tak\u017ce estetycznym dodatkiem do ka\u017cdej kuchni. Zam\u00f3w teraz i zadbaj o swoje akcesoria do matcha!<\/p>\n","protected":false},"excerpt":{"rendered":"<p>Podstawka pod Chasen to niezb\u0119dne akcesorium dla ka\u017cdego mi\u0142o\u015bnika matcha, kt\u00f3re pomaga w utrzymaniu chasenu w idealnym stanie. Wykonana z trwa\u0142ych materia\u0142\u00f3w, podstawka zapewnia stabilne wsparcie dla bambusowego chasenu, co zapobiega jego deformacji i przed\u0142u\u017ca jego \u017cywotno\u015b\u0107. Stylowy design sprawia, \u017ce jest nie tylko praktyczna, ale tak\u017ce estetycznym dodatkiem do ka\u017cdej kuchni. Zam\u00f3w teraz i [&hellip;]<\/p>\n","protected":false},"featured_media":121,"comment_status":"open","ping_status":"closed","template":"","meta":{"_acf_changed":false},"product_brand":[],"product_cat":[25],"product_tag":[],"class_list":{"0":"post-889","1":"product","2":"type-product","3":"status-publish","4":"has-post-thumbnail","6":"product_cat-akcesoria","8":"first","9":"instock","10":"taxable","11":"shipping-taxable","12":"purchasable","13":"product-type-simple"},"acf":[],"_links":{"self":[{"href":"https:\/\/fastgrow.pl\/h4ppa\/wp-json\/wp\/v2\/product\/889","targetHints":{"allow":["GET"]}}],"collection":[{"href":"https:\/\/fastgrow.pl\/h4ppa\/wp-json\/wp\/v2\/product"}],"about":[{"href":"https:\/\/fastgrow.pl\/h4ppa\/wp-json\/wp\/v2\/types\/product"}],"replies":[{"embeddable":true,"href":"https:\/\/fastgrow.pl\/h4ppa\/wp-json\/wp\/v2\/comments?post=889"}],"wp:featuredmedia":[{"embeddable":true,"href":"https:\/\/fastgrow.pl\/h4ppa\/wp-json\/wp\/v2\/media\/121"}],"wp:attachment":[{"href":"https:\/\/fastgrow.pl\/h4ppa\/wp-json\/wp\/v2\/media?parent=889"}],"wp:term":[{"taxonomy":"product_brand","embeddable":true,"href":"https:\/\/fastgrow.pl\/h4ppa\/wp-json\/wp\/v2\/product_brand?post=889"},{"taxonomy":"product_cat","embeddable":true,"href":"https:\/\/fastgrow.pl\/h4ppa\/wp-json\/wp\/v2\/product_cat?post=889"},{"taxonomy":"product_tag","embeddable":true,"href":"https:\/\/fastgrow.pl\/h4ppa\/wp-json\/wp\/v2\/product_tag?post=889"}],"curies":[{"name":"wp","href":"https:\/\/api.w.org\/{rel}","templated":true}]}}