{"id":890,"date":"2026-02-05T22:37:57","date_gmt":"2026-02-05T21:37:57","guid":{"rendered":"https:\/\/fastgrow.pl\/h4ppa\/?post_type=product&#038;p=890"},"modified":"2026-02-05T22:37:57","modified_gmt":"2026-02-05T21:37:57","slug":"chashaku-bambusowa-lyzeczka-do-matchy","status":"publish","type":"product","link":"https:\/\/fastgrow.pl\/h4ppa\/produkt\/chashaku-bambusowa-lyzeczka-do-matchy\/","title":{"rendered":"Chashaku &#8211; bambusowa \u0142y\u017ceczka do matchy"},"content":{"rendered":"<p>Chashaku to tradycyjna japo\u0144ska \u0142y\u017ceczka wykonana z wysokiej jako\u015bci bambusa. Pozwala na precyzyjne odmierzanie odpowiedniej ilo\u015bci proszku potrzebnej do zaparzenia jednej porcji matchy. Dzi\u0119ki eleganckiemu i prostemu designowi, chashaku nie tylko u\u0142atwia przygotowanie napoju, ale tak\u017ce dodaje autentycznego, japo\u0144skiego charakteru ka\u017cdej ceremonii herbacianej.<\/p>\n","protected":false},"excerpt":{"rendered":"<p>Chashaku to tradycyjna japo\u0144ska \u0142y\u017ceczka wykonana z wysokiej jako\u015bci bambusa. Pozwala na precyzyjne odmierzanie odpowiedniej ilo\u015bci proszku potrzebnej do zaparzenia jednej porcji matchy. Dzi\u0119ki eleganckiemu i prostemu designowi, chashaku nie tylko u\u0142atwia przygotowanie napoju, ale tak\u017ce dodaje autentycznego, japo\u0144skiego charakteru ka\u017cdej ceremonii herbacianej.<\/p>\n","protected":false},"featured_media":891,"comment_status":"open","ping_status":"closed","template":"","meta":{"_acf_changed":false},"product_brand":[],"product_cat":[25],"product_tag":[],"class_list":{"0":"post-890","1":"product","2":"type-product","3":"status-publish","4":"has-post-thumbnail","6":"product_cat-akcesoria","8":"first","9":"instock","10":"taxable","11":"shipping-taxable","12":"purchasable","13":"product-type-simple"},"acf":[],"_links":{"self":[{"href":"https:\/\/fastgrow.pl\/h4ppa\/wp-json\/wp\/v2\/product\/890","targetHints":{"allow":["GET"]}}],"collection":[{"href":"https:\/\/fastgrow.pl\/h4ppa\/wp-json\/wp\/v2\/product"}],"about":[{"href":"https:\/\/fastgrow.pl\/h4ppa\/wp-json\/wp\/v2\/types\/product"}],"replies":[{"embeddable":true,"href":"https:\/\/fastgrow.pl\/h4ppa\/wp-json\/wp\/v2\/comments?post=890"}],"wp:featuredmedia":[{"embeddable":true,"href":"https:\/\/fastgrow.pl\/h4ppa\/wp-json\/wp\/v2\/media\/891"}],"wp:attachment":[{"href":"https:\/\/fastgrow.pl\/h4ppa\/wp-json\/wp\/v2\/media?parent=890"}],"wp:term":[{"taxonomy":"product_brand","embeddable":true,"href":"https:\/\/fastgrow.pl\/h4ppa\/wp-json\/wp\/v2\/product_brand?post=890"},{"taxonomy":"product_cat","embeddable":true,"href":"https:\/\/fastgrow.pl\/h4ppa\/wp-json\/wp\/v2\/product_cat?post=890"},{"taxonomy":"product_tag","embeddable":true,"href":"https:\/\/fastgrow.pl\/h4ppa\/wp-json\/wp\/v2\/product_tag?post=890"}],"curies":[{"name":"wp","href":"https:\/\/api.w.org\/{rel}","templated":true}]}}